{"id":1431,"date":"2022-03-27T16:51:21","date_gmt":"2022-03-27T16:51:21","guid":{"rendered":"http:\/\/decortacas.com\/about-us\/"},"modified":"2022-04-22T17:41:11","modified_gmt":"2022-04-22T17:41:11","slug":"about-us","status":"publish","type":"page","link":"https:\/\/decortacas.com\/tr\/about-us\/","title":{"rendered":"Hakk\u0131m\u0131zda"},"content":{"rendered":"<p><strong><span style=\"vertical-align: inherit;\"><span style=\"vertical-align: inherit;\">Hakk\u0131m\u0131zda<\/span><\/span><\/strong><\/p>\n<p><span style=\"vertical-align: inherit;\"><span style=\"vertical-align: inherit;\">Ev, ofis ve mutfak dekorasyonu gibi dekorasyonun her alan\u0131nda okuyuculara nerede olurlarsa olsunlar g\u00fcvenilir bilgiler sunmak i\u00e7in \u00e7al\u0131\u015f\u0131yoruz. <\/span><span style=\"vertical-align: inherit;\">Herkesin bilme ve g\u00fcvenilir bilgilere kolay eri\u015fim hakk\u0131 oldu\u011funa inan\u0131yoruz decortacas.com<\/span><\/span><\/p>\n<p><span style=\"vertical-align: inherit;\"><span style=\"vertical-align: inherit;\">Onaylanm\u0131\u015f verilere atanan t\u00fcm alanlarda bilgilerin yay\u0131lmas\u0131.<\/span><\/span><\/p>\n<p><span style=\"vertical-align: inherit;\"><span style=\"vertical-align: inherit;\">Telif haklar\u0131na, fikri m\u00fclkiyete, profesyonel ve etik standartlara sayg\u0131 g\u00f6sterin.<\/span><\/span><\/p>\n<p><span style=\"vertical-align: inherit;\"><span style=\"vertical-align: inherit;\">Kullan\u0131c\u0131lar\u0131m\u0131z\u0131n gizlili\u011fine sayg\u0131 g\u00f6sterin ve bizimle payla\u015f\u0131lan hi\u00e7bir \u00f6zel bilgiyi if\u015fa etmeyin<\/span><\/span><\/p>\n<p><span style=\"vertical-align: inherit;\"><span style=\"vertical-align: inherit;\">En son bilimsel geli\u015fmeleri takip etmek ve i\u00e7eri\u011fimizi buna g\u00f6re g\u00fcncellemek.<\/span><\/span><\/p>\n<p><span style=\"vertical-align: inherit;\"><span style=\"vertical-align: inherit;\">Profesyonel uzmanlar, y\u00f6neticiler, edit\u00f6rler, programc\u0131lar, tasar\u0131mc\u0131lar ve \u00e7evirmenlerden olu\u015fan bir ekip taraf\u0131ndan desteklenen,<\/span><\/span><\/p>\n<p><span style=\"vertical-align: inherit;\"><span style=\"vertical-align: inherit;\">Y\u00fcksek kaliteli \u00fcr\u00fcnler, i\u00e7erik ve hizmetler sa\u011flamak i\u00e7in performans\u0131n\u0131 korur ve s\u00fcrekli olarak geli\u015ftirirler.<\/span><\/span><\/p>\n<p><span style=\"vertical-align: inherit;\"><span style=\"vertical-align: inherit;\">Sadece e\u011fitim ama\u00e7l\u0131d\u0131r.<\/span><\/span><\/p>\n<p><span style=\"vertical-align: inherit;\"><span style=\"vertical-align: inherit;\">Selamlar\u0131mla<\/span><\/span><\/p>\n<p><span style=\"vertical-align: inherit;\"><span style=\"vertical-align: inherit;\">dekortacas.com<\/span><\/span><\/p>\n","protected":false},"excerpt":{"rendered":"<p>Hakk\u0131m\u0131zda Ev, ofis ve mutfak dekorasyonu gibi dekorasyonun her alan\u0131nda okuyuculara nerede olurlarsa olsunlar g\u00fcvenilir bilgiler sunmak i\u00e7in \u00e7al\u0131\u015f\u0131yoruz. Herkesin bilme ve g\u00fcvenilir bilgilere kolay eri\u015fim hakk\u0131 oldu\u011funa inan\u0131yoruz decortacas.com Onaylanm\u0131\u015f verilere atanan t\u00fcm alanlarda bilgilerin yay\u0131lmas\u0131. Telif haklar\u0131na, fikri m\u00fclkiyete, profesyonel ve etik standartlara sayg\u0131 g\u00f6sterin. Kullan\u0131c\u0131lar\u0131m\u0131z\u0131n gizlili\u011fine sayg\u0131 g\u00f6sterin ve bizimle payla\u015f\u0131lan hi\u00e7bir &hellip;<\/p>\n","protected":false},"author":1,"featured_media":0,"parent":0,"menu_order":0,"comment_status":"closed","ping_status":"closed","template":"","meta":{"footnotes":""},"class_list":["post-1431","page","type-page","status-publish","hentry"],"yoast_head":"<!-- This site is optimized with the Yoast SEO plugin v25.4 - https:\/\/yoast.com\/wordpress\/plugins\/seo\/ -->\n<title>Hakk\u0131m\u0131zda - decor tacas<\/title>\n<meta name=\"robots\" content=\"index, follow, max-snippet:-1, max-image-preview:large, max-video-preview:-1\" \/>\n<link rel=\"canonical\" href=\"https:\/\/decortacas.com\/tr\/about-us\/\" \/>\n<meta property=\"og:locale\" content=\"tr_TR\" \/>\n<meta property=\"og:type\" content=\"article\" \/>\n<meta property=\"og:title\" content=\"Hakk\u0131m\u0131zda - decor tacas\" \/>\n<meta property=\"og:description\" content=\"Hakk\u0131m\u0131zda Ev, ofis ve mutfak dekorasyonu gibi dekorasyonun her alan\u0131nda okuyuculara nerede olurlarsa olsunlar g\u00fcvenilir bilgiler sunmak i\u00e7in \u00e7al\u0131\u015f\u0131yoruz. Herkesin bilme ve g\u00fcvenilir bilgilere kolay eri\u015fim hakk\u0131 oldu\u011funa inan\u0131yoruz decortacas.com Onaylanm\u0131\u015f verilere atanan t\u00fcm alanlarda bilgilerin yay\u0131lmas\u0131. Telif haklar\u0131na, fikri m\u00fclkiyete, profesyonel ve etik standartlara sayg\u0131 g\u00f6sterin. Kullan\u0131c\u0131lar\u0131m\u0131z\u0131n gizlili\u011fine sayg\u0131 g\u00f6sterin ve bizimle payla\u015f\u0131lan hi\u00e7bir &hellip;\" \/>\n<meta property=\"og:url\" content=\"https:\/\/decortacas.com\/tr\/about-us\/\" \/>\n<meta property=\"og:site_name\" content=\"decor tacas\" \/>\n<meta property=\"article:modified_time\" content=\"2022-04-22T17:41:11+00:00\" \/>\n<meta name=\"twitter:card\" content=\"summary_large_image\" \/>\n<meta name=\"twitter:label1\" content=\"Tahmini okuma s\u00fcresi\" \/>\n\t<meta name=\"twitter:data1\" content=\"1 dakika\" \/>\n<script type=\"application\/ld+json\" class=\"yoast-schema-graph\">{\"@context\":\"https:\/\/schema.org\",\"@graph\":[{\"@type\":\"WebPage\",\"@id\":\"https:\/\/decortacas.com\/tr\/about-us\/\",\"url\":\"https:\/\/decortacas.com\/tr\/about-us\/\",\"name\":\"Hakk\u0131m\u0131zda - decor tacas\",\"isPartOf\":{\"@id\":\"https:\/\/decortacas.com\/tr\/#website\"},\"datePublished\":\"2022-03-27T16:51:21+00:00\",\"dateModified\":\"2022-04-22T17:41:11+00:00\",\"breadcrumb\":{\"@id\":\"https:\/\/decortacas.com\/tr\/about-us\/#breadcrumb\"},\"inLanguage\":\"tr\",\"potentialAction\":[{\"@type\":\"ReadAction\",\"target\":[\"https:\/\/decortacas.com\/tr\/about-us\/\"]}]},{\"@type\":\"BreadcrumbList\",\"@id\":\"https:\/\/decortacas.com\/tr\/about-us\/#breadcrumb\",\"itemListElement\":[{\"@type\":\"ListItem\",\"position\":1,\"name\":\"Home\",\"item\":\"https:\/\/decortacas.com\/tr\/\"},{\"@type\":\"ListItem\",\"position\":2,\"name\":\"Hakk\u0131m\u0131zda\"}]},{\"@type\":\"WebSite\",\"@id\":\"https:\/\/decortacas.com\/tr\/#website\",\"url\":\"https:\/\/decortacas.com\/tr\/\",\"name\":\"decor tacas\",\"description\":\"My decor tacas  Blog\",\"potentialAction\":[{\"@type\":\"SearchAction\",\"target\":{\"@type\":\"EntryPoint\",\"urlTemplate\":\"https:\/\/decortacas.com\/tr\/?s={search_term_string}\"},\"query-input\":{\"@type\":\"PropertyValueSpecification\",\"valueRequired\":true,\"valueName\":\"search_term_string\"}}],\"inLanguage\":\"tr\"}]}<\/script>\n<!-- \/ Yoast SEO plugin. -->","yoast_head_json":{"title":"Hakk\u0131m\u0131zda - decor tacas","robots":{"index":"index","follow":"follow","max-snippet":"max-snippet:-1","max-image-preview":"max-image-preview:large","max-video-preview":"max-video-preview:-1"},"canonical":"https:\/\/decortacas.com\/tr\/about-us\/","og_locale":"tr_TR","og_type":"article","og_title":"Hakk\u0131m\u0131zda - decor tacas","og_description":"Hakk\u0131m\u0131zda Ev, ofis ve mutfak dekorasyonu gibi dekorasyonun her alan\u0131nda okuyuculara nerede olurlarsa olsunlar g\u00fcvenilir bilgiler sunmak i\u00e7in \u00e7al\u0131\u015f\u0131yoruz. Herkesin bilme ve g\u00fcvenilir bilgilere kolay eri\u015fim hakk\u0131 oldu\u011funa inan\u0131yoruz decortacas.com Onaylanm\u0131\u015f verilere atanan t\u00fcm alanlarda bilgilerin yay\u0131lmas\u0131. Telif haklar\u0131na, fikri m\u00fclkiyete, profesyonel ve etik standartlara sayg\u0131 g\u00f6sterin. Kullan\u0131c\u0131lar\u0131m\u0131z\u0131n gizlili\u011fine sayg\u0131 g\u00f6sterin ve bizimle payla\u015f\u0131lan hi\u00e7bir &hellip;","og_url":"https:\/\/decortacas.com\/tr\/about-us\/","og_site_name":"decor tacas","article_modified_time":"2022-04-22T17:41:11+00:00","twitter_card":"summary_large_image","twitter_misc":{"Tahmini okuma s\u00fcresi":"1 dakika"},"schema":{"@context":"https:\/\/schema.org","@graph":[{"@type":"WebPage","@id":"https:\/\/decortacas.com\/tr\/about-us\/","url":"https:\/\/decortacas.com\/tr\/about-us\/","name":"Hakk\u0131m\u0131zda - decor tacas","isPartOf":{"@id":"https:\/\/decortacas.com\/tr\/#website"},"datePublished":"2022-03-27T16:51:21+00:00","dateModified":"2022-04-22T17:41:11+00:00","breadcrumb":{"@id":"https:\/\/decortacas.com\/tr\/about-us\/#breadcrumb"},"inLanguage":"tr","potentialAction":[{"@type":"ReadAction","target":["https:\/\/decortacas.com\/tr\/about-us\/"]}]},{"@type":"BreadcrumbList","@id":"https:\/\/decortacas.com\/tr\/about-us\/#breadcrumb","itemListElement":[{"@type":"ListItem","position":1,"name":"Home","item":"https:\/\/decortacas.com\/tr\/"},{"@type":"ListItem","position":2,"name":"Hakk\u0131m\u0131zda"}]},{"@type":"WebSite","@id":"https:\/\/decortacas.com\/tr\/#website","url":"https:\/\/decortacas.com\/tr\/","name":"decor tacas","description":"My decor tacas  Blog","potentialAction":[{"@type":"SearchAction","target":{"@type":"EntryPoint","urlTemplate":"https:\/\/decortacas.com\/tr\/?s={search_term_string}"},"query-input":{"@type":"PropertyValueSpecification","valueRequired":true,"valueName":"search_term_string"}}],"inLanguage":"tr"}]}},"_links":{"self":[{"href":"https:\/\/decortacas.com\/tr\/wp-json\/wp\/v2\/pages\/1431","targetHints":{"allow":["GET"]}}],"collection":[{"href":"https:\/\/decortacas.com\/tr\/wp-json\/wp\/v2\/pages"}],"about":[{"href":"https:\/\/decortacas.com\/tr\/wp-json\/wp\/v2\/types\/page"}],"author":[{"embeddable":true,"href":"https:\/\/decortacas.com\/tr\/wp-json\/wp\/v2\/users\/1"}],"replies":[{"embeddable":true,"href":"https:\/\/decortacas.com\/tr\/wp-json\/wp\/v2\/comments?post=1431"}],"version-history":[{"count":0,"href":"https:\/\/decortacas.com\/tr\/wp-json\/wp\/v2\/pages\/1431\/revisions"}],"wp:attachment":[{"href":"https:\/\/decortacas.com\/tr\/wp-json\/wp\/v2\/media?parent=1431"}],"curies":[{"name":"wp","href":"https:\/\/api.w.org\/{rel}","templated":true}]}}