{"id":1404,"date":"2022-03-27T16:48:30","date_gmt":"2022-03-27T16:48:30","guid":{"rendered":"http:\/\/decortacas.com\/privacy-policy\/"},"modified":"2022-04-22T17:28:06","modified_gmt":"2022-04-22T17:28:06","slug":"privacy-policy","status":"publish","type":"page","link":"https:\/\/decortacas.com\/tr\/privacy-policy\/","title":{"rendered":"\u00a0Gizlilik\u00a0\u00a0 Politikas\u0131"},"content":{"rendered":"<p><strong><span style=\"vertical-align: inherit;\"><span class=\"\" style=\"vertical-align: inherit;\">\u00a0Gizlilik\u00a0\u00a0 <\/span><\/span><\/strong><strong><span style=\"vertical-align: inherit;\"><span class=\"\" style=\"vertical-align: inherit;\">Politikas\u0131<\/span><\/span><\/strong><\/p>\n<p><strong>\u00a0<\/strong><\/p>\n<p><strong><span style=\"vertical-align: inherit;\"><span style=\"vertical-align: inherit;\">Gizlilik ve Gizlilik Beyan\u0131<\/span><\/span><\/strong><\/p>\n<p><strong><span style=\"vertical-align: inherit;\"><span style=\"vertical-align: inherit;\">\u0130nternetteki verilerinizin gizlili\u011fi konusundaki ilginiz ve endi\u015feleriniz i\u00e7in te\u015fekk\u00fcr ederiz. <\/span><span style=\"vertical-align: inherit;\">Bu politika, &#8220;decortacas.com&#8221; web sitesini ziyaret etti\u011finizde sizden toplad\u0131\u011f\u0131m\u0131z verilerin niteli\u011fini ve bu ki\u015fisel verileri nas\u0131l ele ald\u0131\u011f\u0131m\u0131z\u0131 anlaman\u0131za yard\u0131mc\u0131 olmak i\u00e7in haz\u0131rlanm\u0131\u015ft\u0131r <\/span><\/span><\/strong><strong><span style=\"vertical-align: inherit;\"><span style=\"vertical-align: inherit;\">.<\/span><\/span><\/strong><\/p>\n<p><strong><span style=\"vertical-align: inherit;\"><span style=\"vertical-align: inherit;\">tarama<\/span><\/span><\/strong><\/p>\n<p><strong><span style=\"vertical-align: inherit;\"><span style=\"vertical-align: inherit;\">Bu siteyi, siz bu sitede gezinirken bilgisayar\u0131n\u0131zdan ki\u015fisel verilerinizi toplamak i\u00e7in tasarlamad\u0131k, sadece sizin taraf\u0131n\u0131zdan sa\u011flanan veriler bilginiz dahilinde ve kendi iste\u011finizle kullan\u0131lacakt\u0131r <\/span><\/span><\/strong><strong><span style=\"vertical-align: inherit;\"><span style=\"vertical-align: inherit;\">.<\/span><\/span><\/strong><\/p>\n<p><strong><span style=\"vertical-align: inherit;\"><span style=\"vertical-align: inherit;\">\u0130nternet Protokol\u00fc ( <\/span><\/span><\/strong><strong><span style=\"vertical-align: inherit;\"><span style=\"vertical-align: inherit;\">IP <\/span><\/span><\/strong><strong><span style=\"vertical-align: inherit;\"><span style=\"vertical-align: inherit;\">) adresi<\/span><\/span><\/strong><\/p>\n<p><strong>\u00a0 <\/strong><strong><span style=\"vertical-align: inherit;\"><span style=\"vertical-align: inherit;\">Bu web sitesi dahil herhangi bir web sitesini herhangi bir zamanda ziyaret etti\u011finizde, ana sunucu, \u0130nternet Protokol\u00fc <\/span><\/span><\/strong><strong><span style=\"vertical-align: inherit;\"><span style=\"vertical-align: inherit;\">\u00a0\u00a0 (IP) adresinizi <\/span><\/span><\/strong><strong><span style=\"vertical-align: inherit;\"><span style=\"vertical-align: inherit;\">, ziyaretinizin tarihini ve saatini, kulland\u0131\u011f\u0131n\u0131z \u0130nternet taray\u0131c\u0131s\u0131n\u0131n t\u00fcr\u00fcn\u00fc ve\u00a0 buna <\/span><\/span><\/strong><span style=\"vertical-align: inherit;\"><strong><span style=\"vertical-align: inherit;\">at\u0131fta bulundu\u011funuz herhangi bir web sitesinin <\/span><\/strong><\/span><strong><span style=\"vertical-align: inherit;\"><span style=\"vertical-align: inherit;\">URL&#8217;sini\u00a0 kaydeder. <\/span><\/span><\/strong><strong><span style=\"vertical-align: inherit;\"><span style=\"vertical-align: inherit;\">a\u011fdaki site <\/span><\/span><\/strong><strong><span style=\"vertical-align: inherit;\"><span style=\"vertical-align: inherit;\">.<\/span><\/span><\/strong><\/p>\n<p><strong><span style=\"vertical-align: inherit;\"><span style=\"vertical-align: inherit;\">A\u011f Taramalar\u0131<\/span><\/span><\/strong><\/p>\n<p><strong>\u00a0<\/strong><strong><span style=\"vertical-align: inherit;\"><span style=\"vertical-align: inherit;\">Do\u011frudan a\u011f \u00fczerinde yapt\u0131\u011f\u0131m\u0131z anketler, sitemiz hakk\u0131ndaki g\u00f6r\u00fc\u015f\u00fcn\u00fcz ve hislerinizle ilgili sizden istenen veriler gibi belirli verileri toplamam\u0131z\u0131 sa\u011flar <\/span><\/span><\/strong><strong><span style=\"vertical-align: inherit;\"><span style=\"vertical-align: inherit;\">.<\/span><\/span><\/strong><\/p>\n<p><strong><span style=\"vertical-align: inherit;\"><span style=\"vertical-align: inherit;\">\u0130nternetteki di\u011fer web sitelerine ba\u011flant\u0131lar<\/span><\/span><\/strong><\/p>\n<p><strong><span style=\"vertical-align: inherit;\"><span style=\"vertical-align: inherit;\">Web sitemiz, \u0130nternet&#8217;teki di\u011fer web sitelerine ba\u011flant\u0131lar i\u00e7erebilir. <\/span><span style=\"vertical-align: inherit;\">Veya di\u011fer sitelerden reklamlar ve bu sitelerin veri toplama y\u00f6ntemlerinden sorumlu de\u011filiz.Bu sitedeki herhangi bir ba\u011flant\u0131 ile eri\u015filen sitelerin gizlilik politikalar\u0131n\u0131 ve i\u00e7eriklerini inceleyebilirsiniz <\/span><\/span><\/strong><strong><span style=\"vertical-align: inherit;\"><span style=\"vertical-align: inherit;\">.<\/span><\/span><\/strong><\/p>\n<p><strong><span style=\"vertical-align: inherit;\"><span style=\"vertical-align: inherit;\">Web sitemizi ziyaret etti\u011finizde reklam g\u00f6stermek i\u00e7in \u00fc\u00e7\u00fcnc\u00fc taraf reklam \u015firketlerini kullanabiliriz. <\/span><span style=\"vertical-align: inherit;\">Bu \u015firketler, bu ve di\u011fer web sitelerine yapt\u0131\u011f\u0131n\u0131z ziyaretlerle ilgili bilgileri (ad\u0131n\u0131z, adresiniz, e-posta adresiniz veya telefon numaran\u0131z hari\u00e7) ilginizi \u00e7eken mal ve hizmetlerle ilgili reklamlar sa\u011flamak i\u00e7in kullanabilir. <\/span><span style=\"vertical-align: inherit;\">Bu konuda daha fazla bilgi almak ve bu bilgilerin bu \u015firketler taraf\u0131ndan kullan\u0131lmas\u0131n\u0131 \u00f6nlemek i\u00e7in size sunulan se\u00e7enekleri bilmek istiyorsan\u0131z, l\u00fctfen buraya t\u0131klay\u0131n <\/span><\/span><\/strong><strong><span style=\"vertical-align: inherit;\"><span style=\"vertical-align: inherit;\">.<\/span><\/span><\/strong><\/p>\n<p><strong><span style=\"vertical-align: inherit;\"><span style=\"vertical-align: inherit;\">Reklamlar<\/span><\/span><\/strong><\/p>\n<p><strong><span style=\"vertical-align: inherit;\"><span style=\"vertical-align: inherit;\">&#8220;decortacas.com&#8221;, &#8220;Zamzami&#8221; de g\u00f6r\u00fcnen reklamlar\u0131n denetleyicisi olan bir \u00fc\u00e7\u00fcnc\u00fc taraf reklam komisyoncusu kullan\u0131r, ancak reklamlar, kad\u0131n resimleri i\u00e7eren reklamlar\u0131 veya bizim bilmedi\u011fimiz baz\u0131 sitelere ba\u011flant\u0131lar\u0131n\u0131 silmek i\u00e7in g\u00fcnl\u00fck olarak incelenir. &#8220;decortacas.com&#8221;.com&#8217;un takip\u00e7ileri ve hayranlar\u0131 i\u00e7in uygun olabilir, ancak bazen \u00fczerinde tam kontrol\u00fcm\u00fcz olmayan baz\u0131 reklamlar g\u00f6rebilirsiniz <\/span><\/span><\/strong><strong><span style=\"vertical-align: inherit;\"><span style=\"vertical-align: inherit;\">.<\/span><\/span><\/strong><\/p>\n<p><strong><span style=\"vertical-align: inherit;\"><span style=\"vertical-align: inherit;\">Ancak ana men\u00fcn\u00fcn \u00fcst k\u0131sm\u0131nda yer alan Bize Ula\u015f\u0131n sayfas\u0131ndan mesaj g\u00f6ndererek site y\u00f6neticisine link g\u00f6ndererek uygunsuz g\u00f6rd\u00fc\u011f\u00fcn\u00fcz herhangi bir reklam\u0131n \u00f6n\u00fcne ge\u00e7ebilirsiniz <\/span><\/span><\/strong><strong><span style=\"vertical-align: inherit;\"><span style=\"vertical-align: inherit;\">.<\/span><\/span><\/strong><\/p>\n<p><strong><span style=\"vertical-align: inherit;\"><span style=\"vertical-align: inherit;\">bilgilerin if\u015fas\u0131\u00a0<\/span><\/span><\/strong><\/p>\n<p><strong><span style=\"vertical-align: inherit;\"><span style=\"vertical-align: inherit;\">Elde etti\u011fimiz t\u00fcm ki\u015fisel verilerin mahremiyetini ve gizlili\u011fini her zaman koruyaca\u011f\u0131z. <\/span><span style=\"vertical-align: inherit;\">Bu t\u00fcr bilgiler, herhangi bir yasa taraf\u0131ndan gerekmedik\u00e7e veya yasaya uymak veya bu sitenin veya lehtarlar\u0131n\u0131n m\u00fclkiyet haklar\u0131n\u0131 savunmak veya korumak i\u00e7in bu t\u00fcr bir eylemin gerekli veya istenece\u011fine iyi niyetle inand\u0131\u011f\u0131m\u0131zda if\u015fa edilmeyecektir.<\/span><\/span><\/strong><\/p>\n<p><strong><span style=\"vertical-align: inherit;\"><span style=\"vertical-align: inherit;\">Taraf\u0131n\u0131zdan talep edilen i\u015flemlerin ger\u00e7ekle\u015ftirilmesi i\u00e7in gerekli veriler<\/span><\/span><\/strong><\/p>\n<p><strong><span style=\"vertical-align: inherit;\"><span style=\"vertical-align: inherit;\">\u00a0Verilerinizden herhangi birine ihtiyac\u0131m\u0131z oldu\u011funda, bunlar\u0131 kendi \u00f6zg\u00fcr iradenizle sa\u011flaman\u0131z\u0131 isteyece\u011fiz. <\/span><span style=\"vertical-align: inherit;\">Bu bilgiler, m\u00fcmk\u00fcn olan her yerde sizinle ileti\u015fim kurmam\u0131za ve taleplerinizi yerine getirmemize yard\u0131mc\u0131 olacakt\u0131r. <\/span><span style=\"vertical-align: inherit;\">Taraf\u0131n\u0131zdan sa\u011flanan veriler, \u00f6nceden ve yaz\u0131l\u0131 onay\u0131n\u0131z olmadan, istatistiksel ama\u00e7lar ve ara\u015ft\u0131rma i\u00e7in kullan\u0131lan toplu verilerin bir par\u00e7as\u0131 olmas\u0131 temelinde yap\u0131lmad\u0131\u011f\u0131 s\u00fcrece, hi\u00e7bir zaman kendi \u00e7\u0131karlar\u0131 i\u00e7in pazarlamak amac\u0131yla herhangi bir \u00fc\u00e7\u00fcnc\u00fc tarafa sat\u0131lmayacakt\u0131r. sizi tan\u0131mlamak i\u00e7in kullan\u0131labilecek t\u00fcm veriler dahil.<\/span><\/span><\/strong><\/p>\n<p>&nbsp;<\/p>\n<p>&nbsp;<\/p>\n<p><strong>\u00a0<\/strong><\/p>\n<p><strong><span style=\"vertical-align: inherit;\"><span style=\"vertical-align: inherit;\">Bizimle ileti\u015fime ge\u00e7ti\u011finizde<\/span><\/span><\/strong><\/p>\n<p><strong><span style=\"vertical-align: inherit;\"><span style=\"vertical-align: inherit;\">\u00a0Taraf\u0131n\u0131zdan sa\u011flanan t\u00fcm veriler gizli tutulacakt\u0131r. <\/span><span style=\"vertical-align: inherit;\">Do\u011frudan a\u011f \u00fczerinden g\u00f6nderilen formlar, sitemizi geli\u015ftirmemize yard\u0131mc\u0131 olacak verilerin sa\u011flanmas\u0131n\u0131 gerektirir.Sizin sa\u011flad\u0131\u011f\u0131n\u0131z veriler, bu site veya ba\u011fl\u0131 sitelerinden herhangi biri taraf\u0131ndan t\u00fcm sorular\u0131n\u0131za, yorumlar\u0131n\u0131za veya isteklerinize yan\u0131t vermek i\u00e7in kullan\u0131lacakt\u0131r.<\/span><\/span><\/strong><\/p>\n<p><strong><span style=\"vertical-align: inherit;\"><span style=\"vertical-align: inherit;\">Bilgilerin herhangi bir \u00fc\u00e7\u00fcnc\u00fc tarafa if\u015fa edilmesi\u00a0<\/span><\/span><\/strong><\/p>\n<p><strong><span style=\"vertical-align: inherit;\"><span style=\"vertical-align: inherit;\">Bu site veya ba\u011fl\u0131 siteleri d\u0131\u015f\u0131nda herhangi bir \u00fc\u00e7\u00fcnc\u00fc \u015fah\u0131s yarar\u0131na herhangi bir bilgiyi satmayaca\u011f\u0131z, takas etmeyece\u011fiz, kiralamayaca\u011f\u0131z veya if\u015fa etmeyece\u011fiz.Bilgiler yaln\u0131zca herhangi bir adli veya d\u00fczenleyici makam taraf\u0131ndan b\u00f6yle bir talimat olmas\u0131 durumunda if\u015fa edilecektir. .<\/span><\/span><\/strong><\/p>\n<p><strong><span style=\"vertical-align: inherit;\"><span style=\"vertical-align: inherit;\">Bize Ula\u015f\u0131n<\/span><\/span><\/strong><\/p>\n<p><strong><span style=\"vertical-align: inherit;\"><span style=\"vertical-align: inherit;\">Gerekti\u011finde ana men\u00fcn\u00fcn \u00fcst k\u0131sm\u0131nda yer alan web sitemiz linklerinde bulunan Bize Ula\u015f\u0131n linkine t\u0131klayarak bizimle ileti\u015fime ge\u00e7ebilirsiniz.<\/span><\/span><br \/>\n<\/strong><\/p>\n<p>&nbsp;<\/p>\n<p>&nbsp;<\/p>\n","protected":false},"excerpt":{"rendered":"<p>\u00a0Gizlilik\u00a0\u00a0 Politikas\u0131 \u00a0 Gizlilik ve Gizlilik Beyan\u0131 \u0130nternetteki verilerinizin gizlili\u011fi konusundaki ilginiz ve endi\u015feleriniz i\u00e7in te\u015fekk\u00fcr ederiz. Bu politika, &#8220;decortacas.com&#8221; web sitesini ziyaret etti\u011finizde sizden toplad\u0131\u011f\u0131m\u0131z verilerin niteli\u011fini ve bu ki\u015fisel verileri nas\u0131l ele ald\u0131\u011f\u0131m\u0131z\u0131 anlaman\u0131za yard\u0131mc\u0131 olmak i\u00e7in haz\u0131rlanm\u0131\u015ft\u0131r . tarama Bu siteyi, siz bu sitede gezinirken bilgisayar\u0131n\u0131zdan ki\u015fisel verilerinizi toplamak i\u00e7in tasarlamad\u0131k, sadece &hellip;<\/p>\n","protected":false},"author":1,"featured_media":0,"parent":0,"menu_order":0,"comment_status":"closed","ping_status":"closed","template":"","meta":{"footnotes":""},"class_list":["post-1404","page","type-page","status-publish","hentry"],"yoast_head":"<!-- This site is optimized with the Yoast SEO plugin v25.4 - https:\/\/yoast.com\/wordpress\/plugins\/seo\/ -->\n<title>\u00a0Gizlilik\u00a0\u00a0 Politikas\u0131 - decor tacas<\/title>\n<meta name=\"robots\" content=\"index, follow, max-snippet:-1, max-image-preview:large, max-video-preview:-1\" \/>\n<link rel=\"canonical\" href=\"https:\/\/decortacas.com\/tr\/privacy-policy\/\" \/>\n<meta property=\"og:locale\" content=\"tr_TR\" \/>\n<meta property=\"og:type\" content=\"article\" \/>\n<meta property=\"og:title\" content=\"\u00a0Gizlilik\u00a0\u00a0 Politikas\u0131 - decor tacas\" \/>\n<meta property=\"og:description\" content=\"\u00a0Gizlilik\u00a0\u00a0 Politikas\u0131 \u00a0 Gizlilik ve Gizlilik Beyan\u0131 \u0130nternetteki verilerinizin gizlili\u011fi konusundaki ilginiz ve endi\u015feleriniz i\u00e7in te\u015fekk\u00fcr ederiz. Bu politika, &#8220;decortacas.com&#8221; web sitesini ziyaret etti\u011finizde sizden toplad\u0131\u011f\u0131m\u0131z verilerin niteli\u011fini ve bu ki\u015fisel verileri nas\u0131l ele ald\u0131\u011f\u0131m\u0131z\u0131 anlaman\u0131za yard\u0131mc\u0131 olmak i\u00e7in haz\u0131rlanm\u0131\u015ft\u0131r . tarama Bu siteyi, siz bu sitede gezinirken bilgisayar\u0131n\u0131zdan ki\u015fisel verilerinizi toplamak i\u00e7in tasarlamad\u0131k, sadece &hellip;\" \/>\n<meta property=\"og:url\" content=\"https:\/\/decortacas.com\/tr\/privacy-policy\/\" \/>\n<meta property=\"og:site_name\" content=\"decor tacas\" \/>\n<meta property=\"article:modified_time\" content=\"2022-04-22T17:28:06+00:00\" \/>\n<meta name=\"twitter:card\" content=\"summary_large_image\" \/>\n<meta name=\"twitter:label1\" content=\"Tahmini okuma s\u00fcresi\" \/>\n\t<meta name=\"twitter:data1\" content=\"4 dakika\" \/>\n<script type=\"application\/ld+json\" class=\"yoast-schema-graph\">{\"@context\":\"https:\/\/schema.org\",\"@graph\":[{\"@type\":\"WebPage\",\"@id\":\"https:\/\/decortacas.com\/tr\/privacy-policy\/\",\"url\":\"https:\/\/decortacas.com\/tr\/privacy-policy\/\",\"name\":\"\u00a0Gizlilik\u00a0\u00a0 Politikas\u0131 - decor tacas\",\"isPartOf\":{\"@id\":\"https:\/\/decortacas.com\/tr\/#website\"},\"datePublished\":\"2022-03-27T16:48:30+00:00\",\"dateModified\":\"2022-04-22T17:28:06+00:00\",\"breadcrumb\":{\"@id\":\"https:\/\/decortacas.com\/tr\/privacy-policy\/#breadcrumb\"},\"inLanguage\":\"tr\",\"potentialAction\":[{\"@type\":\"ReadAction\",\"target\":[\"https:\/\/decortacas.com\/tr\/privacy-policy\/\"]}]},{\"@type\":\"BreadcrumbList\",\"@id\":\"https:\/\/decortacas.com\/tr\/privacy-policy\/#breadcrumb\",\"itemListElement\":[{\"@type\":\"ListItem\",\"position\":1,\"name\":\"Home\",\"item\":\"https:\/\/decortacas.com\/tr\/\"},{\"@type\":\"ListItem\",\"position\":2,\"name\":\"\u00a0Gizlilik\u00a0\u00a0 Politikas\u0131\"}]},{\"@type\":\"WebSite\",\"@id\":\"https:\/\/decortacas.com\/tr\/#website\",\"url\":\"https:\/\/decortacas.com\/tr\/\",\"name\":\"decor tacas\",\"description\":\"My decor tacas  Blog\",\"potentialAction\":[{\"@type\":\"SearchAction\",\"target\":{\"@type\":\"EntryPoint\",\"urlTemplate\":\"https:\/\/decortacas.com\/tr\/?s={search_term_string}\"},\"query-input\":{\"@type\":\"PropertyValueSpecification\",\"valueRequired\":true,\"valueName\":\"search_term_string\"}}],\"inLanguage\":\"tr\"}]}<\/script>\n<!-- \/ Yoast SEO plugin. -->","yoast_head_json":{"title":"\u00a0Gizlilik\u00a0\u00a0 Politikas\u0131 - decor tacas","robots":{"index":"index","follow":"follow","max-snippet":"max-snippet:-1","max-image-preview":"max-image-preview:large","max-video-preview":"max-video-preview:-1"},"canonical":"https:\/\/decortacas.com\/tr\/privacy-policy\/","og_locale":"tr_TR","og_type":"article","og_title":"\u00a0Gizlilik\u00a0\u00a0 Politikas\u0131 - decor tacas","og_description":"\u00a0Gizlilik\u00a0\u00a0 Politikas\u0131 \u00a0 Gizlilik ve Gizlilik Beyan\u0131 \u0130nternetteki verilerinizin gizlili\u011fi konusundaki ilginiz ve endi\u015feleriniz i\u00e7in te\u015fekk\u00fcr ederiz. Bu politika, &#8220;decortacas.com&#8221; web sitesini ziyaret etti\u011finizde sizden toplad\u0131\u011f\u0131m\u0131z verilerin niteli\u011fini ve bu ki\u015fisel verileri nas\u0131l ele ald\u0131\u011f\u0131m\u0131z\u0131 anlaman\u0131za yard\u0131mc\u0131 olmak i\u00e7in haz\u0131rlanm\u0131\u015ft\u0131r . tarama Bu siteyi, siz bu sitede gezinirken bilgisayar\u0131n\u0131zdan ki\u015fisel verilerinizi toplamak i\u00e7in tasarlamad\u0131k, sadece &hellip;","og_url":"https:\/\/decortacas.com\/tr\/privacy-policy\/","og_site_name":"decor tacas","article_modified_time":"2022-04-22T17:28:06+00:00","twitter_card":"summary_large_image","twitter_misc":{"Tahmini okuma s\u00fcresi":"4 dakika"},"schema":{"@context":"https:\/\/schema.org","@graph":[{"@type":"WebPage","@id":"https:\/\/decortacas.com\/tr\/privacy-policy\/","url":"https:\/\/decortacas.com\/tr\/privacy-policy\/","name":"\u00a0Gizlilik\u00a0\u00a0 Politikas\u0131 - decor tacas","isPartOf":{"@id":"https:\/\/decortacas.com\/tr\/#website"},"datePublished":"2022-03-27T16:48:30+00:00","dateModified":"2022-04-22T17:28:06+00:00","breadcrumb":{"@id":"https:\/\/decortacas.com\/tr\/privacy-policy\/#breadcrumb"},"inLanguage":"tr","potentialAction":[{"@type":"ReadAction","target":["https:\/\/decortacas.com\/tr\/privacy-policy\/"]}]},{"@type":"BreadcrumbList","@id":"https:\/\/decortacas.com\/tr\/privacy-policy\/#breadcrumb","itemListElement":[{"@type":"ListItem","position":1,"name":"Home","item":"https:\/\/decortacas.com\/tr\/"},{"@type":"ListItem","position":2,"name":"\u00a0Gizlilik\u00a0\u00a0 Politikas\u0131"}]},{"@type":"WebSite","@id":"https:\/\/decortacas.com\/tr\/#website","url":"https:\/\/decortacas.com\/tr\/","name":"decor tacas","description":"My decor tacas  Blog","potentialAction":[{"@type":"SearchAction","target":{"@type":"EntryPoint","urlTemplate":"https:\/\/decortacas.com\/tr\/?s={search_term_string}"},"query-input":{"@type":"PropertyValueSpecification","valueRequired":true,"valueName":"search_term_string"}}],"inLanguage":"tr"}]}},"_links":{"self":[{"href":"https:\/\/decortacas.com\/tr\/wp-json\/wp\/v2\/pages\/1404","targetHints":{"allow":["GET"]}}],"collection":[{"href":"https:\/\/decortacas.com\/tr\/wp-json\/wp\/v2\/pages"}],"about":[{"href":"https:\/\/decortacas.com\/tr\/wp-json\/wp\/v2\/types\/page"}],"author":[{"embeddable":true,"href":"https:\/\/decortacas.com\/tr\/wp-json\/wp\/v2\/users\/1"}],"replies":[{"embeddable":true,"href":"https:\/\/decortacas.com\/tr\/wp-json\/wp\/v2\/comments?post=1404"}],"version-history":[{"count":0,"href":"https:\/\/decortacas.com\/tr\/wp-json\/wp\/v2\/pages\/1404\/revisions"}],"wp:attachment":[{"href":"https:\/\/decortacas.com\/tr\/wp-json\/wp\/v2\/media?parent=1404"}],"curies":[{"name":"wp","href":"https:\/\/api.w.org\/{rel}","templated":true}]}}