{"id":1399,"date":"2022-03-27T16:48:30","date_gmt":"2022-03-27T16:48:30","guid":{"rendered":"http:\/\/decortacas.com\/privacy-policy\/"},"modified":"2022-04-22T17:22:45","modified_gmt":"2022-04-22T17:22:45","slug":"privacy-policy","status":"publish","type":"page","link":"https:\/\/decortacas.com\/it\/privacy-policy\/","title":{"rendered":"Informativa sulla \u00a0privacy\u00a0\u00a0"},"content":{"rendered":"<p><span style=\"vertical-align: inherit;\"><strong><span class=\"\" style=\"vertical-align: inherit;\">Informativa sulla <\/span><\/strong><strong><span class=\"\" style=\"vertical-align: inherit;\">\u00a0privacy\u00a0\u00a0<\/span><\/strong><\/span><\/p>\n<p><strong>\u00a0<\/strong><\/p>\n<p><strong><span style=\"vertical-align: inherit;\"><span style=\"vertical-align: inherit;\">Informativa sulla privacy e riservatezza<\/span><\/span><\/strong><\/p>\n<p><strong><span style=\"vertical-align: inherit;\"><span style=\"vertical-align: inherit;\">Apprezziamo il tuo interesse e le tue preoccupazioni sulla privacy dei tuoi dati su Internet. <\/span><span style=\"vertical-align: inherit;\">Questa politica \u00e8 stata preparata per aiutarti a comprendere la natura dei dati che raccogliamo da te quando visiti il \u200b\u200bsito web &#8220;decortacas.com&#8221; e come trattiamo questi dati personali <\/span><\/span><\/strong><strong><span style=\"vertical-align: inherit;\"><span style=\"vertical-align: inherit;\">.<\/span><\/span><\/strong><\/p>\n<p><strong><span style=\"vertical-align: inherit;\"><span style=\"vertical-align: inherit;\">navigazione<\/span><\/span><\/strong><\/p>\n<p><strong><span style=\"vertical-align: inherit;\"><span style=\"vertical-align: inherit;\">Non abbiamo progettato questo sito allo scopo di raccogliere i tuoi dati personali dal tuo computer mentre navighi su questo sito, ma solo i dati da te forniti verranno utilizzati con la tua conoscenza e di tua spontanea volont\u00e0 <\/span><\/span><\/strong><strong><span style=\"vertical-align: inherit;\"><span style=\"vertical-align: inherit;\">.<\/span><\/span><\/strong><\/p>\n<p><strong><span style=\"vertical-align: inherit;\"><span style=\"vertical-align: inherit;\">Indirizzo del protocollo Internet ( <\/span><\/span><\/strong><strong><span style=\"vertical-align: inherit;\"><span style=\"vertical-align: inherit;\">IP <\/span><\/span><\/strong><strong><span style=\"vertical-align: inherit;\"><span style=\"vertical-align: inherit;\">).<\/span><\/span><\/strong><\/p>\n<p><strong>\u00a0 <\/strong><strong><span style=\"vertical-align: inherit;\"><span style=\"vertical-align: inherit;\">Ogni volta che visiti qualsiasi sito Web incluso questo sito Web, il server host registrer\u00e0 il tuo <\/span><\/span><\/strong><strong><span style=\"vertical-align: inherit;\"><span style=\"vertical-align: inherit;\">\u00a0\u00a0 indirizzo IP (Internet Protocol) <\/span><\/span><\/strong><strong><span style=\"vertical-align: inherit;\"><span style=\"vertical-align: inherit;\">, la data e l&#8217;ora della visita, il tipo di browser Internet che utilizzi e\u00a0 l&#8217; <\/span><\/span><\/strong><strong><span style=\"vertical-align: inherit;\"><span style=\"vertical-align: inherit;\">URL\u00a0 <\/span><\/span><\/strong><strong><span style=\"vertical-align: inherit;\"><span style=\"vertical-align: inherit;\">di qualsiasi sito Web a cui fai riferimento a questo sito in rete <\/span><\/span><\/strong><strong><span style=\"vertical-align: inherit;\"><span style=\"vertical-align: inherit;\">.<\/span><\/span><\/strong><\/p>\n<p><strong><span style=\"vertical-align: inherit;\"><span style=\"vertical-align: inherit;\">Scansioni di rete<\/span><\/span><\/strong><\/p>\n<p><strong>\u00a0<\/strong><strong><span style=\"vertical-align: inherit;\"><span style=\"vertical-align: inherit;\">I sondaggi che facciamo direttamente in rete ci consentono di raccogliere dati specifici come i dati da te richiesti in merito alla tua visione e sensazione riguardo al nostro sito. l&#8217;altro <\/span><\/span><\/strong><strong><span style=\"vertical-align: inherit;\"><span style=\"vertical-align: inherit;\">.<\/span><\/span><\/strong><\/p>\n<p><strong><span style=\"vertical-align: inherit;\"><span style=\"vertical-align: inherit;\">Collegamenti ad altri siti Web su Internet<\/span><\/span><\/strong><\/p>\n<p><strong><span style=\"vertical-align: inherit;\"><span style=\"vertical-align: inherit;\">Il nostro sito Web pu\u00f2 includere collegamenti ad altri siti Web su Internet. <\/span><span style=\"vertical-align: inherit;\">O annunci pubblicitari da altri siti e non siamo responsabili per le modalit\u00e0 di raccolta dei dati da parte di tali siti.\u00c8 possibile visualizzare le politiche di riservatezza e i contenuti di quei siti a cui si accede tramite qualsiasi collegamento all&#8217;interno di questo sito <\/span><\/span><\/strong><strong><span style=\"vertical-align: inherit;\"><span style=\"vertical-align: inherit;\">.<\/span><\/span><\/strong><\/p>\n<p><strong><span style=\"vertical-align: inherit;\"><span style=\"vertical-align: inherit;\">Potremmo utilizzare societ\u00e0 pubblicitarie di terze parti per visualizzare annunci quando visiti il \u200b\u200bnostro sito Web. <\/span><span style=\"vertical-align: inherit;\">Queste societ\u00e0 possono utilizzare le informazioni sulle tue visite a questo e ad altri siti Web (ad eccezione del tuo nome, indirizzo, indirizzo e-mail o numero di telefono) al fine di fornire annunci pubblicitari su beni e servizi di tuo interesse. <\/span><span style=\"vertical-align: inherit;\">Se desideri maggiori informazioni in merito e se desideri conoscere le scelte a tua disposizione per impedire che queste informazioni vengano utilizzate da queste societ\u00e0, fai clic qui <\/span><\/span><\/strong><strong><span style=\"vertical-align: inherit;\"><span style=\"vertical-align: inherit;\">.<\/span><\/span><\/strong><\/p>\n<p><strong><span style=\"vertical-align: inherit;\"><span style=\"vertical-align: inherit;\">Annunci<\/span><\/span><\/strong><\/p>\n<p><strong><span style=\"vertical-align: inherit;\"><span style=\"vertical-align: inherit;\">&#8220;decortacas.com&#8221; utilizza un intermediario pubblicitario di terze parti che \u00e8 il controllore degli annunci che compaiono su &#8220;Zamzami&#8221;, sebbene gli annunci vengano esaminati quotidianamente per eliminare annunci che contengono immagini di donne o collegamenti ad alcuni siti che non conosciamo vedi adatto a follower e fan di \u201cdecortacas.com\u201d.com\u201d, ma a volte potresti vedere alcuni annunci su cui non abbiamo il controllo completo <\/span><\/span><\/strong><strong><span style=\"vertical-align: inherit;\"><span style=\"vertical-align: inherit;\">.<\/span><\/span><\/strong><\/p>\n<p><strong><span style=\"vertical-align: inherit;\"><span style=\"vertical-align: inherit;\">Tuttavia, puoi impedire qualsiasi pubblicit\u00e0 che ritieni inappropriata inviando un collegamento all&#8217;amministratore del sito inviando un messaggio dalla pagina Contattaci nella parte superiore del menu principale <\/span><\/span><\/strong><strong><span style=\"vertical-align: inherit;\"><span style=\"vertical-align: inherit;\">.<\/span><\/span><\/strong><\/p>\n<p><strong><span style=\"vertical-align: inherit;\"><span style=\"vertical-align: inherit;\">Divulgazione di informazioni\u00a0<\/span><\/span><\/strong><\/p>\n<p><strong><span style=\"vertical-align: inherit;\"><span style=\"vertical-align: inherit;\">Manterremo in ogni momento la privacy e la riservatezza di tutti i dati personali che otteniamo. <\/span><span style=\"vertical-align: inherit;\">Tali informazioni non saranno divulgate a meno che ci\u00f2 non sia richiesto da qualsiasi legge o quando riteniamo in buona fede che tale azione sar\u00e0 richiesta o auspicabile per conformarsi alla legge, o per difendere o proteggere i diritti di propriet\u00e0 di questo sito o dei suoi beneficiari.<\/span><\/span><\/strong><\/p>\n<p><strong><span style=\"vertical-align: inherit;\"><span style=\"vertical-align: inherit;\">I dati necessari per eseguire le transazioni da te richieste<\/span><\/span><\/strong><\/p>\n<p><strong><span style=\"vertical-align: inherit;\"><span style=\"vertical-align: inherit;\">\u00a0Quando avremo bisogno dei tuoi dati, ti chiederemo di fornirli di tua spontanea volont\u00e0. <\/span><span style=\"vertical-align: inherit;\">Queste informazioni ci aiuteranno a contattarti ed eseguire le tue richieste ove possibile. <\/span><span style=\"vertical-align: inherit;\">I dati da te forniti non saranno mai ceduti a terzi allo scopo di commercializzarli a proprio vantaggio senza il tuo previo consenso scritto a meno che ci\u00f2 non avvenga sulla base del fatto che fanno parte di dati collettivi utilizzati a fini statistici e di ricerca senza compresi tutti i dati che potrebbero essere utilizzati per identificarti.<\/span><\/span><\/strong><\/p>\n<p>&nbsp;<\/p>\n<p>&nbsp;<\/p>\n<p><strong>\u00a0<\/strong><\/p>\n<p><strong><span style=\"vertical-align: inherit;\"><span style=\"vertical-align: inherit;\">Quando ci contatti<\/span><\/span><\/strong><\/p>\n<p><strong><span style=\"vertical-align: inherit;\"><span style=\"vertical-align: inherit;\">\u00a0Tutti i dati da te forniti saranno trattati come confidenziali. <\/span><span style=\"vertical-align: inherit;\">I moduli inviati direttamente sulla rete richiedono la fornitura di dati che ci aiuteranno a migliorare il nostro Sito. I dati da te forniti verranno utilizzati per rispondere a tutte le tue domande, commenti o richieste da parte di questo sito o di uno qualsiasi dei suoi siti affiliati.<\/span><\/span><\/strong><\/p>\n<p><strong><span style=\"vertical-align: inherit;\"><span style=\"vertical-align: inherit;\">Divulgazione di informazioni a terzi\u00a0<\/span><\/span><\/strong><\/p>\n<p><strong><span style=\"vertical-align: inherit;\"><span style=\"vertical-align: inherit;\">Non venderemo, scambieremo, affitteremo o divulgheremo alcuna informazione a beneficio di terzi al di fuori di questo sito o dei suoi siti affiliati.Le informazioni saranno divulgate solo in caso di ordine in tal senso da parte di qualsiasi autorit\u00e0 giudiziaria o normativa .<\/span><\/span><\/strong><\/p>\n<p><strong><span style=\"vertical-align: inherit;\"><span style=\"vertical-align: inherit;\">Contattaci<\/span><\/span><\/strong><\/p>\n<p><strong><span style=\"vertical-align: inherit;\"><span style=\"vertical-align: inherit;\">Puoi contattarci quando necessario facendo clic sul collegamento Contattaci disponibile nei collegamenti del nostro sito Web nella parte superiore del menu principale.<\/span><\/span><br \/>\n<\/strong><\/p>\n<p>&nbsp;<\/p>\n<p>&nbsp;<\/p>\n","protected":false},"excerpt":{"rendered":"<p>Informativa sulla \u00a0privacy\u00a0\u00a0 \u00a0 Informativa sulla privacy e riservatezza Apprezziamo il tuo interesse e le tue preoccupazioni sulla privacy dei tuoi dati su Internet. Questa politica \u00e8 stata preparata per aiutarti a comprendere la natura dei dati che raccogliamo da te quando visiti il \u200b\u200bsito web &#8220;decortacas.com&#8221; e come trattiamo questi dati personali . navigazione &hellip;<\/p>\n","protected":false},"author":1,"featured_media":0,"parent":0,"menu_order":0,"comment_status":"closed","ping_status":"closed","template":"","meta":{"footnotes":""},"class_list":["post-1399","page","type-page","status-publish","hentry"],"yoast_head":"<!-- This site is optimized with the Yoast SEO plugin v25.4 - https:\/\/yoast.com\/wordpress\/plugins\/seo\/ -->\n<title>Informativa sulla \u00a0privacy\u00a0\u00a0 - decor tacas<\/title>\n<meta name=\"robots\" content=\"index, follow, max-snippet:-1, max-image-preview:large, max-video-preview:-1\" \/>\n<link rel=\"canonical\" href=\"https:\/\/decortacas.com\/it\/privacy-policy\/\" \/>\n<meta property=\"og:locale\" content=\"it_IT\" \/>\n<meta property=\"og:type\" content=\"article\" \/>\n<meta property=\"og:title\" content=\"Informativa sulla \u00a0privacy\u00a0\u00a0 - decor tacas\" \/>\n<meta property=\"og:description\" content=\"Informativa sulla \u00a0privacy\u00a0\u00a0 \u00a0 Informativa sulla privacy e riservatezza Apprezziamo il tuo interesse e le tue preoccupazioni sulla privacy dei tuoi dati su Internet. Questa politica \u00e8 stata preparata per aiutarti a comprendere la natura dei dati che raccogliamo da te quando visiti il \u200b\u200bsito web &#8220;decortacas.com&#8221; e come trattiamo questi dati personali . navigazione &hellip;\" \/>\n<meta property=\"og:url\" content=\"https:\/\/decortacas.com\/it\/privacy-policy\/\" \/>\n<meta property=\"og:site_name\" content=\"decor tacas\" \/>\n<meta property=\"article:modified_time\" content=\"2022-04-22T17:22:45+00:00\" \/>\n<meta name=\"twitter:card\" content=\"summary_large_image\" \/>\n<meta name=\"twitter:label1\" content=\"Tempo di lettura stimato\" \/>\n\t<meta name=\"twitter:data1\" content=\"4 minuti\" \/>\n<script type=\"application\/ld+json\" class=\"yoast-schema-graph\">{\"@context\":\"https:\/\/schema.org\",\"@graph\":[{\"@type\":\"WebPage\",\"@id\":\"https:\/\/decortacas.com\/it\/privacy-policy\/\",\"url\":\"https:\/\/decortacas.com\/it\/privacy-policy\/\",\"name\":\"Informativa sulla \u00a0privacy\u00a0\u00a0 - decor tacas\",\"isPartOf\":{\"@id\":\"https:\/\/decortacas.com\/it\/#website\"},\"datePublished\":\"2022-03-27T16:48:30+00:00\",\"dateModified\":\"2022-04-22T17:22:45+00:00\",\"breadcrumb\":{\"@id\":\"https:\/\/decortacas.com\/it\/privacy-policy\/#breadcrumb\"},\"inLanguage\":\"it-IT\",\"potentialAction\":[{\"@type\":\"ReadAction\",\"target\":[\"https:\/\/decortacas.com\/it\/privacy-policy\/\"]}]},{\"@type\":\"BreadcrumbList\",\"@id\":\"https:\/\/decortacas.com\/it\/privacy-policy\/#breadcrumb\",\"itemListElement\":[{\"@type\":\"ListItem\",\"position\":1,\"name\":\"Home\",\"item\":\"https:\/\/decortacas.com\/it\/\"},{\"@type\":\"ListItem\",\"position\":2,\"name\":\"Informativa sulla \u00a0privacy\u00a0\u00a0\"}]},{\"@type\":\"WebSite\",\"@id\":\"https:\/\/decortacas.com\/it\/#website\",\"url\":\"https:\/\/decortacas.com\/it\/\",\"name\":\"decor tacas\",\"description\":\"My decor tacas  Blog\",\"potentialAction\":[{\"@type\":\"SearchAction\",\"target\":{\"@type\":\"EntryPoint\",\"urlTemplate\":\"https:\/\/decortacas.com\/it\/?s={search_term_string}\"},\"query-input\":{\"@type\":\"PropertyValueSpecification\",\"valueRequired\":true,\"valueName\":\"search_term_string\"}}],\"inLanguage\":\"it-IT\"}]}<\/script>\n<!-- \/ Yoast SEO plugin. -->","yoast_head_json":{"title":"Informativa sulla \u00a0privacy\u00a0\u00a0 - decor tacas","robots":{"index":"index","follow":"follow","max-snippet":"max-snippet:-1","max-image-preview":"max-image-preview:large","max-video-preview":"max-video-preview:-1"},"canonical":"https:\/\/decortacas.com\/it\/privacy-policy\/","og_locale":"it_IT","og_type":"article","og_title":"Informativa sulla \u00a0privacy\u00a0\u00a0 - decor tacas","og_description":"Informativa sulla \u00a0privacy\u00a0\u00a0 \u00a0 Informativa sulla privacy e riservatezza Apprezziamo il tuo interesse e le tue preoccupazioni sulla privacy dei tuoi dati su Internet. Questa politica \u00e8 stata preparata per aiutarti a comprendere la natura dei dati che raccogliamo da te quando visiti il \u200b\u200bsito web &#8220;decortacas.com&#8221; e come trattiamo questi dati personali . navigazione &hellip;","og_url":"https:\/\/decortacas.com\/it\/privacy-policy\/","og_site_name":"decor tacas","article_modified_time":"2022-04-22T17:22:45+00:00","twitter_card":"summary_large_image","twitter_misc":{"Tempo di lettura stimato":"4 minuti"},"schema":{"@context":"https:\/\/schema.org","@graph":[{"@type":"WebPage","@id":"https:\/\/decortacas.com\/it\/privacy-policy\/","url":"https:\/\/decortacas.com\/it\/privacy-policy\/","name":"Informativa sulla \u00a0privacy\u00a0\u00a0 - decor tacas","isPartOf":{"@id":"https:\/\/decortacas.com\/it\/#website"},"datePublished":"2022-03-27T16:48:30+00:00","dateModified":"2022-04-22T17:22:45+00:00","breadcrumb":{"@id":"https:\/\/decortacas.com\/it\/privacy-policy\/#breadcrumb"},"inLanguage":"it-IT","potentialAction":[{"@type":"ReadAction","target":["https:\/\/decortacas.com\/it\/privacy-policy\/"]}]},{"@type":"BreadcrumbList","@id":"https:\/\/decortacas.com\/it\/privacy-policy\/#breadcrumb","itemListElement":[{"@type":"ListItem","position":1,"name":"Home","item":"https:\/\/decortacas.com\/it\/"},{"@type":"ListItem","position":2,"name":"Informativa sulla \u00a0privacy\u00a0\u00a0"}]},{"@type":"WebSite","@id":"https:\/\/decortacas.com\/it\/#website","url":"https:\/\/decortacas.com\/it\/","name":"decor tacas","description":"My decor tacas  Blog","potentialAction":[{"@type":"SearchAction","target":{"@type":"EntryPoint","urlTemplate":"https:\/\/decortacas.com\/it\/?s={search_term_string}"},"query-input":{"@type":"PropertyValueSpecification","valueRequired":true,"valueName":"search_term_string"}}],"inLanguage":"it-IT"}]}},"_links":{"self":[{"href":"https:\/\/decortacas.com\/it\/wp-json\/wp\/v2\/pages\/1399","targetHints":{"allow":["GET"]}}],"collection":[{"href":"https:\/\/decortacas.com\/it\/wp-json\/wp\/v2\/pages"}],"about":[{"href":"https:\/\/decortacas.com\/it\/wp-json\/wp\/v2\/types\/page"}],"author":[{"embeddable":true,"href":"https:\/\/decortacas.com\/it\/wp-json\/wp\/v2\/users\/1"}],"replies":[{"embeddable":true,"href":"https:\/\/decortacas.com\/it\/wp-json\/wp\/v2\/comments?post=1399"}],"version-history":[{"count":0,"href":"https:\/\/decortacas.com\/it\/wp-json\/wp\/v2\/pages\/1399\/revisions"}],"wp:attachment":[{"href":"https:\/\/decortacas.com\/it\/wp-json\/wp\/v2\/media?parent=1399"}],"curies":[{"name":"wp","href":"https:\/\/api.w.org\/{rel}","templated":true}]}}