{"id":1424,"date":"2022-03-27T16:51:21","date_gmt":"2022-03-27T16:51:21","guid":{"rendered":"http:\/\/decortacas.com\/about-us\/"},"modified":"2022-04-22T17:34:40","modified_gmt":"2022-04-22T17:34:40","slug":"about-us","status":"publish","type":"page","link":"https:\/\/decortacas.com\/fr\/about-us\/","title":{"rendered":"\u00e0 propos de nous"},"content":{"rendered":"<p><strong><span style=\"vertical-align: inherit;\"><span class=\"\" style=\"vertical-align: inherit;\">\u00e0 propos de nous<\/span><\/span><\/strong><\/p>\n<p><span style=\"vertical-align: inherit;\"><span style=\"vertical-align: inherit;\">Nous nous effor\u00e7ons de fournir aux lecteurs, o\u00f9 qu&rsquo;ils se trouvent, des informations fiables dans tous les domaines de la d\u00e9coration tels que la d\u00e9coration de la maison, du bureau et de la cuisine. <\/span><span style=\"vertical-align: inherit;\">Nous croyons au droit de chacun de savoir et d&rsquo;avoir un acc\u00e8s facile \u00e0 des informations fiables decortacas.com<\/span><\/span><\/p>\n<p><span style=\"vertical-align: inherit;\"><span style=\"vertical-align: inherit;\">Diffusion des informations dans tous les domaines affect\u00e9s aux donn\u00e9es approuv\u00e9es.<\/span><\/span><\/p>\n<p><span style=\"vertical-align: inherit;\"><span style=\"vertical-align: inherit;\">Respecter les droits d&rsquo;auteur, la propri\u00e9t\u00e9 intellectuelle, les normes professionnelles et \u00e9thiques.<\/span><\/span><\/p>\n<p><span style=\"vertical-align: inherit;\"><span style=\"vertical-align: inherit;\">Respectez la vie priv\u00e9e de nos utilisateurs et ne divulguez aucune information priv\u00e9e partag\u00e9e avec nous<\/span><\/span><\/p>\n<p><span style=\"vertical-align: inherit;\"><span style=\"vertical-align: inherit;\">Se tenir au courant des derniers d\u00e9veloppements scientifiques et mettre \u00e0 jour notre contenu en cons\u00e9quence.<\/span><\/span><\/p>\n<p><span style=\"vertical-align: inherit;\"><span style=\"vertical-align: inherit;\">Soutenu par une \u00e9quipe d&rsquo;experts professionnels, gestionnaires, \u00e9diteurs, programmeurs, designers et traducteurs,<\/span><\/span><\/p>\n<p><span style=\"vertical-align: inherit;\"><span style=\"vertical-align: inherit;\">Ils maintiennent et am\u00e9liorent continuellement ses performances pour garantir des produits, des contenus et des services de haute qualit\u00e9.<\/span><\/span><\/p>\n<p><span style=\"vertical-align: inherit;\"><span style=\"vertical-align: inherit;\">C&rsquo;est \u00e0 des fins \u00e9ducatives seulement.<\/span><\/span><\/p>\n<p><span style=\"vertical-align: inherit;\"><span style=\"vertical-align: inherit;\">Cordialement<\/span><\/span><\/p>\n<p><span style=\"vertical-align: inherit;\"><span style=\"vertical-align: inherit;\">decortacas.com<\/span><\/span><\/p>\n","protected":false},"excerpt":{"rendered":"<p>\u00e0 propos de nous Nous nous effor\u00e7ons de fournir aux lecteurs, o\u00f9 qu&rsquo;ils se trouvent, des informations fiables dans tous les domaines de la d\u00e9coration tels que la d\u00e9coration de la maison, du bureau et de la cuisine. Nous croyons au droit de chacun de savoir et d&rsquo;avoir un acc\u00e8s facile \u00e0 des informations fiables &hellip;<\/p>\n","protected":false},"author":1,"featured_media":0,"parent":0,"menu_order":0,"comment_status":"closed","ping_status":"closed","template":"","meta":{"footnotes":""},"class_list":["post-1424","page","type-page","status-publish","hentry"],"yoast_head":"<!-- This site is optimized with the Yoast SEO plugin v25.4 - https:\/\/yoast.com\/wordpress\/plugins\/seo\/ -->\n<title>\u00e0 propos de nous - decor tacas<\/title>\n<meta name=\"robots\" content=\"index, follow, max-snippet:-1, max-image-preview:large, max-video-preview:-1\" \/>\n<link rel=\"canonical\" href=\"https:\/\/decortacas.com\/fr\/about-us\/\" \/>\n<meta property=\"og:locale\" content=\"fr_FR\" \/>\n<meta property=\"og:type\" content=\"article\" \/>\n<meta property=\"og:title\" content=\"\u00e0 propos de nous - decor tacas\" \/>\n<meta property=\"og:description\" content=\"\u00e0 propos de nous Nous nous effor\u00e7ons de fournir aux lecteurs, o\u00f9 qu&rsquo;ils se trouvent, des informations fiables dans tous les domaines de la d\u00e9coration tels que la d\u00e9coration de la maison, du bureau et de la cuisine. Nous croyons au droit de chacun de savoir et d&rsquo;avoir un acc\u00e8s facile \u00e0 des informations fiables &hellip;\" \/>\n<meta property=\"og:url\" content=\"https:\/\/decortacas.com\/fr\/about-us\/\" \/>\n<meta property=\"og:site_name\" content=\"decor tacas\" \/>\n<meta property=\"article:modified_time\" content=\"2022-04-22T17:34:40+00:00\" \/>\n<meta name=\"twitter:card\" content=\"summary_large_image\" \/>\n<meta name=\"twitter:label1\" content=\"Dur\u00e9e de lecture estim\u00e9e\" \/>\n\t<meta name=\"twitter:data1\" content=\"1 minute\" \/>\n<script type=\"application\/ld+json\" class=\"yoast-schema-graph\">{\"@context\":\"https:\/\/schema.org\",\"@graph\":[{\"@type\":\"WebPage\",\"@id\":\"https:\/\/decortacas.com\/fr\/about-us\/\",\"url\":\"https:\/\/decortacas.com\/fr\/about-us\/\",\"name\":\"\u00e0 propos de nous - decor tacas\",\"isPartOf\":{\"@id\":\"https:\/\/decortacas.com\/fr\/#website\"},\"datePublished\":\"2022-03-27T16:51:21+00:00\",\"dateModified\":\"2022-04-22T17:34:40+00:00\",\"breadcrumb\":{\"@id\":\"https:\/\/decortacas.com\/fr\/about-us\/#breadcrumb\"},\"inLanguage\":\"fr-FR\",\"potentialAction\":[{\"@type\":\"ReadAction\",\"target\":[\"https:\/\/decortacas.com\/fr\/about-us\/\"]}]},{\"@type\":\"BreadcrumbList\",\"@id\":\"https:\/\/decortacas.com\/fr\/about-us\/#breadcrumb\",\"itemListElement\":[{\"@type\":\"ListItem\",\"position\":1,\"name\":\"Home\",\"item\":\"https:\/\/decortacas.com\/fr\/\"},{\"@type\":\"ListItem\",\"position\":2,\"name\":\"\u00e0 propos de nous\"}]},{\"@type\":\"WebSite\",\"@id\":\"https:\/\/decortacas.com\/fr\/#website\",\"url\":\"https:\/\/decortacas.com\/fr\/\",\"name\":\"decor tacas\",\"description\":\"My decor tacas  Blog\",\"potentialAction\":[{\"@type\":\"SearchAction\",\"target\":{\"@type\":\"EntryPoint\",\"urlTemplate\":\"https:\/\/decortacas.com\/fr\/?s={search_term_string}\"},\"query-input\":{\"@type\":\"PropertyValueSpecification\",\"valueRequired\":true,\"valueName\":\"search_term_string\"}}],\"inLanguage\":\"fr-FR\"}]}<\/script>\n<!-- \/ Yoast SEO plugin. -->","yoast_head_json":{"title":"\u00e0 propos de nous - decor tacas","robots":{"index":"index","follow":"follow","max-snippet":"max-snippet:-1","max-image-preview":"max-image-preview:large","max-video-preview":"max-video-preview:-1"},"canonical":"https:\/\/decortacas.com\/fr\/about-us\/","og_locale":"fr_FR","og_type":"article","og_title":"\u00e0 propos de nous - decor tacas","og_description":"\u00e0 propos de nous Nous nous effor\u00e7ons de fournir aux lecteurs, o\u00f9 qu&rsquo;ils se trouvent, des informations fiables dans tous les domaines de la d\u00e9coration tels que la d\u00e9coration de la maison, du bureau et de la cuisine. Nous croyons au droit de chacun de savoir et d&rsquo;avoir un acc\u00e8s facile \u00e0 des informations fiables &hellip;","og_url":"https:\/\/decortacas.com\/fr\/about-us\/","og_site_name":"decor tacas","article_modified_time":"2022-04-22T17:34:40+00:00","twitter_card":"summary_large_image","twitter_misc":{"Dur\u00e9e de lecture estim\u00e9e":"1 minute"},"schema":{"@context":"https:\/\/schema.org","@graph":[{"@type":"WebPage","@id":"https:\/\/decortacas.com\/fr\/about-us\/","url":"https:\/\/decortacas.com\/fr\/about-us\/","name":"\u00e0 propos de nous - decor tacas","isPartOf":{"@id":"https:\/\/decortacas.com\/fr\/#website"},"datePublished":"2022-03-27T16:51:21+00:00","dateModified":"2022-04-22T17:34:40+00:00","breadcrumb":{"@id":"https:\/\/decortacas.com\/fr\/about-us\/#breadcrumb"},"inLanguage":"fr-FR","potentialAction":[{"@type":"ReadAction","target":["https:\/\/decortacas.com\/fr\/about-us\/"]}]},{"@type":"BreadcrumbList","@id":"https:\/\/decortacas.com\/fr\/about-us\/#breadcrumb","itemListElement":[{"@type":"ListItem","position":1,"name":"Home","item":"https:\/\/decortacas.com\/fr\/"},{"@type":"ListItem","position":2,"name":"\u00e0 propos de nous"}]},{"@type":"WebSite","@id":"https:\/\/decortacas.com\/fr\/#website","url":"https:\/\/decortacas.com\/fr\/","name":"decor tacas","description":"My decor tacas  Blog","potentialAction":[{"@type":"SearchAction","target":{"@type":"EntryPoint","urlTemplate":"https:\/\/decortacas.com\/fr\/?s={search_term_string}"},"query-input":{"@type":"PropertyValueSpecification","valueRequired":true,"valueName":"search_term_string"}}],"inLanguage":"fr-FR"}]}},"_links":{"self":[{"href":"https:\/\/decortacas.com\/fr\/wp-json\/wp\/v2\/pages\/1424","targetHints":{"allow":["GET"]}}],"collection":[{"href":"https:\/\/decortacas.com\/fr\/wp-json\/wp\/v2\/pages"}],"about":[{"href":"https:\/\/decortacas.com\/fr\/wp-json\/wp\/v2\/types\/page"}],"author":[{"embeddable":true,"href":"https:\/\/decortacas.com\/fr\/wp-json\/wp\/v2\/users\/1"}],"replies":[{"embeddable":true,"href":"https:\/\/decortacas.com\/fr\/wp-json\/wp\/v2\/comments?post=1424"}],"version-history":[{"count":0,"href":"https:\/\/decortacas.com\/fr\/wp-json\/wp\/v2\/pages\/1424\/revisions"}],"wp:attachment":[{"href":"https:\/\/decortacas.com\/fr\/wp-json\/wp\/v2\/media?parent=1424"}],"curies":[{"name":"wp","href":"https:\/\/api.w.org\/{rel}","templated":true}]}}