{"id":1397,"date":"2022-03-27T16:48:30","date_gmt":"2022-03-27T16:48:30","guid":{"rendered":"http:\/\/decortacas.com\/privacy-policy\/"},"modified":"2022-04-22T17:20:39","modified_gmt":"2022-04-22T17:20:39","slug":"privacy-policy","status":"publish","type":"page","link":"https:\/\/decortacas.com\/fr\/privacy-policy\/","title":{"rendered":"Politique de \u00a0confidentialit\u00e9\u00a0\u00a0"},"content":{"rendered":"<p><span style=\"vertical-align: inherit;\"><strong><span class=\"\" style=\"vertical-align: inherit;\">Politique de <\/span><\/strong><strong><span class=\"\" style=\"vertical-align: inherit;\">\u00a0confidentialit\u00e9\u00a0\u00a0<\/span><\/strong><\/span><\/p>\n<p><strong>\u00a0<\/strong><\/p>\n<p><strong><span style=\"vertical-align: inherit;\"><span style=\"vertical-align: inherit;\">D\u00e9claration de confidentialit\u00e9 et de confidentialit\u00e9<\/span><\/span><\/strong><\/p>\n<p><strong><span style=\"vertical-align: inherit;\"><span style=\"vertical-align: inherit;\">Nous appr\u00e9cions votre int\u00e9r\u00eat et vos pr\u00e9occupations concernant la confidentialit\u00e9 de vos donn\u00e9es sur Internet. <\/span><span style=\"vertical-align: inherit;\">Cette politique a \u00e9t\u00e9 pr\u00e9par\u00e9e pour vous aider \u00e0 comprendre la nature des donn\u00e9es que nous recueillons aupr\u00e8s de vous lorsque vous visitez le site Web \u00ab\u00a0decortacas.com\u00a0\u00bb et comment nous traitons ces donn\u00e9es personnelles <\/span><\/span><\/strong><strong><span style=\"vertical-align: inherit;\"><span style=\"vertical-align: inherit;\">.<\/span><\/span><\/strong><\/p>\n<p><strong><span style=\"vertical-align: inherit;\"><span style=\"vertical-align: inherit;\">navigation<\/span><\/span><\/strong><\/p>\n<p><strong><span style=\"vertical-align: inherit;\"><span style=\"vertical-align: inherit;\">Nous n&rsquo;avons pas con\u00e7u ce site dans le but de collecter vos donn\u00e9es personnelles \u00e0 partir de votre ordinateur lors de votre navigation sur ce site, mais seules les donn\u00e9es fournies par vous seront utilis\u00e9es en votre connaissance et de votre plein gr\u00e9 <\/span><\/span><\/strong><strong><span style=\"vertical-align: inherit;\"><span style=\"vertical-align: inherit;\">.<\/span><\/span><\/strong><\/p>\n<p><strong><span style=\"vertical-align: inherit;\"><span style=\"vertical-align: inherit;\">Adresse de protocole Internet ( <\/span><\/span><\/strong><strong><span style=\"vertical-align: inherit;\"><span style=\"vertical-align: inherit;\">IP <\/span><\/span><\/strong><strong><span style=\"vertical-align: inherit;\"><span style=\"vertical-align: inherit;\">)<\/span><\/span><\/strong><\/p>\n<p><strong>\u00a0 <\/strong><strong><span style=\"vertical-align: inherit;\"><span style=\"vertical-align: inherit;\">\u00c0 tout moment o\u00f9 vous visitez un site Web, y compris ce site Web, le serveur h\u00f4te enregistrera votre <\/span><\/span><\/strong><strong><span style=\"vertical-align: inherit;\"><span style=\"vertical-align: inherit;\">\u00a0\u00a0 adresse IP (Internet Protocol) <\/span><\/span><\/strong><strong><span style=\"vertical-align: inherit;\"><span style=\"vertical-align: inherit;\">, la date et l&rsquo;heure de la visite, le type de navigateur Internet que vous utilisez et\u00a0 l&rsquo; <\/span><\/span><\/strong><strong><span style=\"vertical-align: inherit;\"><span style=\"vertical-align: inherit;\">URL\u00a0 <\/span><\/span><\/strong><strong><span style=\"vertical-align: inherit;\"><span style=\"vertical-align: inherit;\">de tout site Web auquel vous vous r\u00e9f\u00e9rez. site sur le r\u00e9seau <\/span><\/span><\/strong><strong><span style=\"vertical-align: inherit;\"><span style=\"vertical-align: inherit;\">.<\/span><\/span><\/strong><\/p>\n<p><strong><span style=\"vertical-align: inherit;\"><span style=\"vertical-align: inherit;\">Balayages r\u00e9seau<\/span><\/span><\/strong><\/p>\n<p><strong>\u00a0<\/strong><strong><span style=\"vertical-align: inherit;\"><span style=\"vertical-align: inherit;\">Les sondages que nous r\u00e9alisons directement sur le r\u00e9seau nous permettent de collecter des donn\u00e9es sp\u00e9cifiques telles que les donn\u00e9es qui vous sont demand\u00e9es concernant votre avis et ressenti sur notre site <\/span><\/span><\/strong><strong><span style=\"vertical-align: inherit;\"><span style=\"vertical-align: inherit;\">.<\/span><\/span><\/strong><\/p>\n<p><strong><span style=\"vertical-align: inherit;\"><span style=\"vertical-align: inherit;\">Liens vers d&rsquo;autres sites Web sur Internet<\/span><\/span><\/strong><\/p>\n<p><strong><span style=\"vertical-align: inherit;\"><span style=\"vertical-align: inherit;\">Notre site Web peut inclure des liens vers d&rsquo;autres sites Web sur Internet. <\/span><span style=\"vertical-align: inherit;\">Ou des publicit\u00e9s d&rsquo;autres sites et nous ne sommes pas responsables des m\u00e9thodes de collecte de donn\u00e9es par ces sites.Vous pouvez consulter les politiques de confidentialit\u00e9 et le contenu de ces sites accessibles via n&rsquo;importe quel lien de ce site <\/span><\/span><\/strong><strong><span style=\"vertical-align: inherit;\"><span style=\"vertical-align: inherit;\">.<\/span><\/span><\/strong><\/p>\n<p><strong><span style=\"vertical-align: inherit;\"><span style=\"vertical-align: inherit;\">Nous pouvons utiliser des soci\u00e9t\u00e9s de publicit\u00e9 tierces pour afficher des publicit\u00e9s lorsque vous visitez notre site Web. <\/span><span style=\"vertical-align: inherit;\">Ces soci\u00e9t\u00e9s peuvent utiliser des informations sur vos visites sur ce site Web et sur d&rsquo;autres sites Web (\u00e0 l&rsquo;exception de votre nom, adresse, adresse e-mail ou num\u00e9ro de t\u00e9l\u00e9phone) afin de fournir des publicit\u00e9s sur les biens et services qui vous int\u00e9ressent. <\/span><span style=\"vertical-align: inherit;\">Si vous souhaitez plus d&rsquo;informations \u00e0 ce sujet et si vous souhaitez conna\u00eetre les choix qui s&rsquo;offrent \u00e0 vous pour emp\u00eacher que ces informations ne soient utilis\u00e9es par ces soci\u00e9t\u00e9s, veuillez cliquer ici <\/span><\/span><\/strong><strong><span style=\"vertical-align: inherit;\"><span style=\"vertical-align: inherit;\">.<\/span><\/span><\/strong><\/p>\n<p><strong><span style=\"vertical-align: inherit;\"><span style=\"vertical-align: inherit;\">Les publicit\u00e9s<\/span><\/span><\/strong><\/p>\n<p><strong><span style=\"vertical-align: inherit;\"><span style=\"vertical-align: inherit;\">\u00ab\u00a0decortacas.com\u00a0\u00bb utilise un courtier publicitaire tiers qui est le contr\u00f4leur des annonces qui apparaissent sur \u00ab\u00a0Zamzami\u00a0\u00bb, bien que les annonces soient examin\u00e9es quotidiennement pour supprimer les annonces contenant des images de femmes ou des liens vers certains sites que nous ne faisons pas voir adapt\u00e9 aux abonn\u00e9s et aux fans de \u00ab\u00a0decortacas.com\u00a0\u00bb.com\u00a0\u00bb, mais parfois vous pouvez voir des publicit\u00e9s sur lesquelles nous n&rsquo;avons pas un contr\u00f4le total <\/span><\/span><\/strong><strong><span style=\"vertical-align: inherit;\"><span style=\"vertical-align: inherit;\">.<\/span><\/span><\/strong><\/p>\n<p><strong><span style=\"vertical-align: inherit;\"><span style=\"vertical-align: inherit;\">Cependant, vous pouvez emp\u00eacher toute publicit\u00e9 que vous consid\u00e9rez comme inappropri\u00e9e en envoyant un lien \u00e0 l&rsquo;administrateur du site en envoyant un message depuis la page Contactez-nous en haut du menu principal <\/span><\/span><\/strong><strong><span style=\"vertical-align: inherit;\"><span style=\"vertical-align: inherit;\">.<\/span><\/span><\/strong><\/p>\n<p><strong><span style=\"vertical-align: inherit;\"><span style=\"vertical-align: inherit;\">Divulgation d&rsquo;informations\u00a0<\/span><\/span><\/strong><\/p>\n<p><strong><span style=\"vertical-align: inherit;\"><span style=\"vertical-align: inherit;\">Nous maintiendrons \u00e0 tout moment la confidentialit\u00e9 et la confidentialit\u00e9 de toutes les donn\u00e9es personnelles que nous obtenons. <\/span><span style=\"vertical-align: inherit;\">Ces informations ne seront pas divulgu\u00e9es sauf si une loi l&rsquo;exige ou si nous croyons de bonne foi qu&rsquo;une telle action sera n\u00e9cessaire ou souhaitable pour se conformer \u00e0 la loi, ou pour d\u00e9fendre ou prot\u00e9ger les droits de propri\u00e9t\u00e9 de ce site ou de ses ayants droit.<\/span><\/span><\/strong><\/p>\n<p><strong><span style=\"vertical-align: inherit;\"><span style=\"vertical-align: inherit;\">Les donn\u00e9es n\u00e9cessaires pour effectuer les transactions demand\u00e9es par vous<\/span><\/span><\/strong><\/p>\n<p><strong><span style=\"vertical-align: inherit;\"><span style=\"vertical-align: inherit;\">\u00a0Lorsque nous aurons besoin de vos donn\u00e9es, nous vous demanderons de les fournir de votre plein gr\u00e9. <\/span><span style=\"vertical-align: inherit;\">Ces informations nous aideront \u00e0 vous contacter et \u00e0 r\u00e9pondre \u00e0 vos demandes dans la mesure du possible. <\/span><span class=\"goog-text-highlight\" style=\"vertical-align: inherit;\">Les donn\u00e9es que vous fournissez ne seront jamais vendues \u00e0 des tiers dans le but de les commercialiser \u00e0 son profit sans votre consentement pr\u00e9alable et \u00e9crit, sauf si cela est fait au motif qu&rsquo;elles font partie de donn\u00e9es collectives utilis\u00e9es \u00e0 des fins statistiques et de recherche sans y compris toute donn\u00e9e pouvant \u00eatre utilis\u00e9e pour vous identifier.<\/span><\/span><\/strong><\/p>\n<p>&nbsp;<\/p>\n<p>&nbsp;<\/p>\n<p><strong>\u00a0<\/strong><\/p>\n<p><strong><span style=\"vertical-align: inherit;\"><span style=\"vertical-align: inherit;\">Lorsque vous nous contactez<\/span><\/span><\/strong><\/p>\n<p><strong><span style=\"vertical-align: inherit;\"><span style=\"vertical-align: inherit;\">\u00a0Toutes les donn\u00e9es fournies par vous seront trait\u00e9es de mani\u00e8re confidentielle. <\/span><span style=\"vertical-align: inherit;\">Les formulaires soumis directement sur le r\u00e9seau n\u00e9cessitent de fournir des donn\u00e9es qui nous aideront \u00e0 am\u00e9liorer notre site.Les donn\u00e9es que vous fournissez seront utilis\u00e9es pour r\u00e9pondre \u00e0 toutes vos demandes, commentaires ou demandes de ce site ou de l&rsquo;un de ses sites affili\u00e9s.<\/span><\/span><\/strong><\/p>\n<p><strong><span style=\"vertical-align: inherit;\"><span style=\"vertical-align: inherit;\">Divulgation d&rsquo;informations \u00e0 des tiers\u00a0<\/span><\/span><\/strong><\/p>\n<p><strong><span style=\"vertical-align: inherit;\"><span style=\"vertical-align: inherit;\">Nous ne vendrons, n&rsquo;\u00e9changerons, ne louerons ni ne divulguerons aucune information au profit de tiers en dehors de ce site ou de ses sites affili\u00e9s.Les informations ne seront divulgu\u00e9es qu&rsquo;en cas d&rsquo;ordre de le faire par toute autorit\u00e9 judiciaire ou r\u00e9glementaire. .<\/span><\/span><\/strong><\/p>\n<p><strong><span style=\"vertical-align: inherit;\"><span style=\"vertical-align: inherit;\">Contactez-nous<\/span><\/span><\/strong><\/p>\n<p><strong><span style=\"vertical-align: inherit;\"><span style=\"vertical-align: inherit;\">Vous pouvez nous contacter en cas de besoin en cliquant sur le lien Contactez-nous disponible dans les liens de notre site Web en haut du menu principal.<\/span><\/span><br \/>\n<\/strong><\/p>\n<p>&nbsp;<\/p>\n<p>&nbsp;<\/p>\n","protected":false},"excerpt":{"rendered":"<p>Politique de \u00a0confidentialit\u00e9\u00a0\u00a0 \u00a0 D\u00e9claration de confidentialit\u00e9 et de confidentialit\u00e9 Nous appr\u00e9cions votre int\u00e9r\u00eat et vos pr\u00e9occupations concernant la confidentialit\u00e9 de vos donn\u00e9es sur Internet. Cette politique a \u00e9t\u00e9 pr\u00e9par\u00e9e pour vous aider \u00e0 comprendre la nature des donn\u00e9es que nous recueillons aupr\u00e8s de vous lorsque vous visitez le site Web \u00ab\u00a0decortacas.com\u00a0\u00bb et comment nous &hellip;<\/p>\n","protected":false},"author":1,"featured_media":0,"parent":0,"menu_order":0,"comment_status":"closed","ping_status":"closed","template":"","meta":{"footnotes":""},"class_list":["post-1397","page","type-page","status-publish","hentry"],"yoast_head":"<!-- This site is optimized with the Yoast SEO plugin v25.4 - https:\/\/yoast.com\/wordpress\/plugins\/seo\/ -->\n<title>Politique de \u00a0confidentialit\u00e9\u00a0\u00a0 - decor tacas<\/title>\n<meta name=\"robots\" content=\"index, follow, max-snippet:-1, max-image-preview:large, max-video-preview:-1\" \/>\n<link rel=\"canonical\" href=\"https:\/\/decortacas.com\/fr\/privacy-policy\/\" \/>\n<meta property=\"og:locale\" content=\"fr_FR\" \/>\n<meta property=\"og:type\" content=\"article\" \/>\n<meta property=\"og:title\" content=\"Politique de \u00a0confidentialit\u00e9\u00a0\u00a0 - decor tacas\" \/>\n<meta property=\"og:description\" content=\"Politique de \u00a0confidentialit\u00e9\u00a0\u00a0 \u00a0 D\u00e9claration de confidentialit\u00e9 et de confidentialit\u00e9 Nous appr\u00e9cions votre int\u00e9r\u00eat et vos pr\u00e9occupations concernant la confidentialit\u00e9 de vos donn\u00e9es sur Internet. Cette politique a \u00e9t\u00e9 pr\u00e9par\u00e9e pour vous aider \u00e0 comprendre la nature des donn\u00e9es que nous recueillons aupr\u00e8s de vous lorsque vous visitez le site Web \u00ab\u00a0decortacas.com\u00a0\u00bb et comment nous &hellip;\" \/>\n<meta property=\"og:url\" content=\"https:\/\/decortacas.com\/fr\/privacy-policy\/\" \/>\n<meta property=\"og:site_name\" content=\"decor tacas\" \/>\n<meta property=\"article:modified_time\" content=\"2022-04-22T17:20:39+00:00\" \/>\n<meta name=\"twitter:card\" content=\"summary_large_image\" \/>\n<meta name=\"twitter:label1\" content=\"Dur\u00e9e de lecture estim\u00e9e\" \/>\n\t<meta name=\"twitter:data1\" content=\"4 minutes\" \/>\n<script type=\"application\/ld+json\" class=\"yoast-schema-graph\">{\"@context\":\"https:\/\/schema.org\",\"@graph\":[{\"@type\":\"WebPage\",\"@id\":\"https:\/\/decortacas.com\/fr\/privacy-policy\/\",\"url\":\"https:\/\/decortacas.com\/fr\/privacy-policy\/\",\"name\":\"Politique de \u00a0confidentialit\u00e9\u00a0\u00a0 - decor tacas\",\"isPartOf\":{\"@id\":\"https:\/\/decortacas.com\/fr\/#website\"},\"datePublished\":\"2022-03-27T16:48:30+00:00\",\"dateModified\":\"2022-04-22T17:20:39+00:00\",\"breadcrumb\":{\"@id\":\"https:\/\/decortacas.com\/fr\/privacy-policy\/#breadcrumb\"},\"inLanguage\":\"fr-FR\",\"potentialAction\":[{\"@type\":\"ReadAction\",\"target\":[\"https:\/\/decortacas.com\/fr\/privacy-policy\/\"]}]},{\"@type\":\"BreadcrumbList\",\"@id\":\"https:\/\/decortacas.com\/fr\/privacy-policy\/#breadcrumb\",\"itemListElement\":[{\"@type\":\"ListItem\",\"position\":1,\"name\":\"Home\",\"item\":\"https:\/\/decortacas.com\/fr\/\"},{\"@type\":\"ListItem\",\"position\":2,\"name\":\"Politique de \u00a0confidentialit\u00e9\u00a0\u00a0\"}]},{\"@type\":\"WebSite\",\"@id\":\"https:\/\/decortacas.com\/fr\/#website\",\"url\":\"https:\/\/decortacas.com\/fr\/\",\"name\":\"decor tacas\",\"description\":\"My decor tacas  Blog\",\"potentialAction\":[{\"@type\":\"SearchAction\",\"target\":{\"@type\":\"EntryPoint\",\"urlTemplate\":\"https:\/\/decortacas.com\/fr\/?s={search_term_string}\"},\"query-input\":{\"@type\":\"PropertyValueSpecification\",\"valueRequired\":true,\"valueName\":\"search_term_string\"}}],\"inLanguage\":\"fr-FR\"}]}<\/script>\n<!-- \/ Yoast SEO plugin. -->","yoast_head_json":{"title":"Politique de \u00a0confidentialit\u00e9\u00a0\u00a0 - decor tacas","robots":{"index":"index","follow":"follow","max-snippet":"max-snippet:-1","max-image-preview":"max-image-preview:large","max-video-preview":"max-video-preview:-1"},"canonical":"https:\/\/decortacas.com\/fr\/privacy-policy\/","og_locale":"fr_FR","og_type":"article","og_title":"Politique de \u00a0confidentialit\u00e9\u00a0\u00a0 - decor tacas","og_description":"Politique de \u00a0confidentialit\u00e9\u00a0\u00a0 \u00a0 D\u00e9claration de confidentialit\u00e9 et de confidentialit\u00e9 Nous appr\u00e9cions votre int\u00e9r\u00eat et vos pr\u00e9occupations concernant la confidentialit\u00e9 de vos donn\u00e9es sur Internet. Cette politique a \u00e9t\u00e9 pr\u00e9par\u00e9e pour vous aider \u00e0 comprendre la nature des donn\u00e9es que nous recueillons aupr\u00e8s de vous lorsque vous visitez le site Web \u00ab\u00a0decortacas.com\u00a0\u00bb et comment nous &hellip;","og_url":"https:\/\/decortacas.com\/fr\/privacy-policy\/","og_site_name":"decor tacas","article_modified_time":"2022-04-22T17:20:39+00:00","twitter_card":"summary_large_image","twitter_misc":{"Dur\u00e9e de lecture estim\u00e9e":"4 minutes"},"schema":{"@context":"https:\/\/schema.org","@graph":[{"@type":"WebPage","@id":"https:\/\/decortacas.com\/fr\/privacy-policy\/","url":"https:\/\/decortacas.com\/fr\/privacy-policy\/","name":"Politique de \u00a0confidentialit\u00e9\u00a0\u00a0 - decor tacas","isPartOf":{"@id":"https:\/\/decortacas.com\/fr\/#website"},"datePublished":"2022-03-27T16:48:30+00:00","dateModified":"2022-04-22T17:20:39+00:00","breadcrumb":{"@id":"https:\/\/decortacas.com\/fr\/privacy-policy\/#breadcrumb"},"inLanguage":"fr-FR","potentialAction":[{"@type":"ReadAction","target":["https:\/\/decortacas.com\/fr\/privacy-policy\/"]}]},{"@type":"BreadcrumbList","@id":"https:\/\/decortacas.com\/fr\/privacy-policy\/#breadcrumb","itemListElement":[{"@type":"ListItem","position":1,"name":"Home","item":"https:\/\/decortacas.com\/fr\/"},{"@type":"ListItem","position":2,"name":"Politique de \u00a0confidentialit\u00e9\u00a0\u00a0"}]},{"@type":"WebSite","@id":"https:\/\/decortacas.com\/fr\/#website","url":"https:\/\/decortacas.com\/fr\/","name":"decor tacas","description":"My decor tacas  Blog","potentialAction":[{"@type":"SearchAction","target":{"@type":"EntryPoint","urlTemplate":"https:\/\/decortacas.com\/fr\/?s={search_term_string}"},"query-input":{"@type":"PropertyValueSpecification","valueRequired":true,"valueName":"search_term_string"}}],"inLanguage":"fr-FR"}]}},"_links":{"self":[{"href":"https:\/\/decortacas.com\/fr\/wp-json\/wp\/v2\/pages\/1397","targetHints":{"allow":["GET"]}}],"collection":[{"href":"https:\/\/decortacas.com\/fr\/wp-json\/wp\/v2\/pages"}],"about":[{"href":"https:\/\/decortacas.com\/fr\/wp-json\/wp\/v2\/types\/page"}],"author":[{"embeddable":true,"href":"https:\/\/decortacas.com\/fr\/wp-json\/wp\/v2\/users\/1"}],"replies":[{"embeddable":true,"href":"https:\/\/decortacas.com\/fr\/wp-json\/wp\/v2\/comments?post=1397"}],"version-history":[{"count":0,"href":"https:\/\/decortacas.com\/fr\/wp-json\/wp\/v2\/pages\/1397\/revisions"}],"wp:attachment":[{"href":"https:\/\/decortacas.com\/fr\/wp-json\/wp\/v2\/media?parent=1397"}],"curies":[{"name":"wp","href":"https:\/\/api.w.org\/{rel}","templated":true}]}}