{"id":1430,"date":"2022-03-27T16:51:21","date_gmt":"2022-03-27T16:51:21","guid":{"rendered":"http:\/\/decortacas.com\/about-us\/"},"modified":"2022-04-22T17:40:31","modified_gmt":"2022-04-22T17:40:31","slug":"about-us","status":"publish","type":"page","link":"https:\/\/decortacas.com\/es\/about-us\/","title":{"rendered":"sobre nosotros"},"content":{"rendered":"<p><strong><span style=\"vertical-align: inherit;\"><span style=\"vertical-align: inherit;\">sobre nosotros<\/span><\/span><\/strong><\/p>\n<p><span style=\"vertical-align: inherit;\"><span style=\"vertical-align: inherit;\">Estamos trabajando para brindar informaci\u00f3n confiable en todas las \u00e1reas de la decoraci\u00f3n, como la decoraci\u00f3n del hogar, la oficina y la cocina, a los lectores donde sea que se encuentren. <\/span><span style=\"vertical-align: inherit;\">Creemos en el derecho de todos a saber y tener f\u00e1cil acceso a informaci\u00f3n confiable decortacas.com<\/span><\/span><\/p>\n<p><span style=\"vertical-align: inherit;\"><span style=\"vertical-align: inherit;\">Difusi\u00f3n de informaci\u00f3n en todos los campos asignados a los datos aprobados.<\/span><\/span><\/p>\n<p><span style=\"vertical-align: inherit;\"><span style=\"vertical-align: inherit;\">Respetar los derechos de autor, la propiedad intelectual, las normas profesionales y \u00e9ticas.<\/span><\/span><\/p>\n<p><span style=\"vertical-align: inherit;\"><span style=\"vertical-align: inherit;\">Respetar la privacidad de nuestros usuarios y no divulgar ninguna informaci\u00f3n privada compartida con nosotros.<\/span><\/span><\/p>\n<p><span style=\"vertical-align: inherit;\"><span style=\"vertical-align: inherit;\">Mantenerse al tanto de los \u00faltimos avances cient\u00edficos y actualizar nuestro contenido en consecuencia.<\/span><\/span><\/p>\n<p><span style=\"vertical-align: inherit;\"><span style=\"vertical-align: inherit;\">Con el apoyo de un equipo de expertos profesionales, administradores, editores, programadores, dise\u00f1adores y traductores,<\/span><\/span><\/p>\n<p><span style=\"vertical-align: inherit;\"><span style=\"vertical-align: inherit;\">Mantienen y mejoran continuamente su rendimiento para garantizar productos, contenidos y servicios de alta calidad.<\/span><\/span><\/p>\n<p><span style=\"vertical-align: inherit;\"><span style=\"vertical-align: inherit;\">Es solo para fines educativos.<\/span><\/span><\/p>\n<p><span style=\"vertical-align: inherit;\"><span style=\"vertical-align: inherit;\">con mis saludos<\/span><\/span><\/p>\n<p><span style=\"vertical-align: inherit;\"><span style=\"vertical-align: inherit;\">decoracas.com<\/span><\/span><\/p>\n","protected":false},"excerpt":{"rendered":"<p>sobre nosotros Estamos trabajando para brindar informaci\u00f3n confiable en todas las \u00e1reas de la decoraci\u00f3n, como la decoraci\u00f3n del hogar, la oficina y la cocina, a los lectores donde sea que se encuentren. Creemos en el derecho de todos a saber y tener f\u00e1cil acceso a informaci\u00f3n confiable decortacas.com Difusi\u00f3n de informaci\u00f3n en todos los &hellip;<\/p>\n","protected":false},"author":1,"featured_media":0,"parent":0,"menu_order":0,"comment_status":"closed","ping_status":"closed","template":"","meta":{"footnotes":""},"class_list":["post-1430","page","type-page","status-publish","hentry"],"yoast_head":"<!-- This site is optimized with the Yoast SEO plugin v25.4 - https:\/\/yoast.com\/wordpress\/plugins\/seo\/ -->\n<title>sobre nosotros - decor tacas<\/title>\n<meta name=\"robots\" content=\"index, follow, max-snippet:-1, max-image-preview:large, max-video-preview:-1\" \/>\n<link rel=\"canonical\" href=\"https:\/\/decortacas.com\/es\/about-us\/\" \/>\n<meta property=\"og:locale\" content=\"es_ES\" \/>\n<meta property=\"og:type\" content=\"article\" \/>\n<meta property=\"og:title\" content=\"sobre nosotros - decor tacas\" \/>\n<meta property=\"og:description\" content=\"sobre nosotros Estamos trabajando para brindar informaci\u00f3n confiable en todas las \u00e1reas de la decoraci\u00f3n, como la decoraci\u00f3n del hogar, la oficina y la cocina, a los lectores donde sea que se encuentren. Creemos en el derecho de todos a saber y tener f\u00e1cil acceso a informaci\u00f3n confiable decortacas.com Difusi\u00f3n de informaci\u00f3n en todos los &hellip;\" \/>\n<meta property=\"og:url\" content=\"https:\/\/decortacas.com\/es\/about-us\/\" \/>\n<meta property=\"og:site_name\" content=\"decor tacas\" \/>\n<meta property=\"article:modified_time\" content=\"2022-04-22T17:40:31+00:00\" \/>\n<meta name=\"twitter:card\" content=\"summary_large_image\" \/>\n<meta name=\"twitter:label1\" content=\"Tiempo de lectura\" \/>\n\t<meta name=\"twitter:data1\" content=\"1 minuto\" \/>\n<script type=\"application\/ld+json\" class=\"yoast-schema-graph\">{\"@context\":\"https:\/\/schema.org\",\"@graph\":[{\"@type\":\"WebPage\",\"@id\":\"https:\/\/decortacas.com\/es\/about-us\/\",\"url\":\"https:\/\/decortacas.com\/es\/about-us\/\",\"name\":\"sobre nosotros - decor tacas\",\"isPartOf\":{\"@id\":\"https:\/\/decortacas.com\/es\/#website\"},\"datePublished\":\"2022-03-27T16:51:21+00:00\",\"dateModified\":\"2022-04-22T17:40:31+00:00\",\"breadcrumb\":{\"@id\":\"https:\/\/decortacas.com\/es\/about-us\/#breadcrumb\"},\"inLanguage\":\"es\",\"potentialAction\":[{\"@type\":\"ReadAction\",\"target\":[\"https:\/\/decortacas.com\/es\/about-us\/\"]}]},{\"@type\":\"BreadcrumbList\",\"@id\":\"https:\/\/decortacas.com\/es\/about-us\/#breadcrumb\",\"itemListElement\":[{\"@type\":\"ListItem\",\"position\":1,\"name\":\"Home\",\"item\":\"https:\/\/decortacas.com\/es\/\"},{\"@type\":\"ListItem\",\"position\":2,\"name\":\"sobre nosotros\"}]},{\"@type\":\"WebSite\",\"@id\":\"https:\/\/decortacas.com\/es\/#website\",\"url\":\"https:\/\/decortacas.com\/es\/\",\"name\":\"decor tacas\",\"description\":\"My decor tacas  Blog\",\"potentialAction\":[{\"@type\":\"SearchAction\",\"target\":{\"@type\":\"EntryPoint\",\"urlTemplate\":\"https:\/\/decortacas.com\/es\/?s={search_term_string}\"},\"query-input\":{\"@type\":\"PropertyValueSpecification\",\"valueRequired\":true,\"valueName\":\"search_term_string\"}}],\"inLanguage\":\"es\"}]}<\/script>\n<!-- \/ Yoast SEO plugin. -->","yoast_head_json":{"title":"sobre nosotros - decor tacas","robots":{"index":"index","follow":"follow","max-snippet":"max-snippet:-1","max-image-preview":"max-image-preview:large","max-video-preview":"max-video-preview:-1"},"canonical":"https:\/\/decortacas.com\/es\/about-us\/","og_locale":"es_ES","og_type":"article","og_title":"sobre nosotros - decor tacas","og_description":"sobre nosotros Estamos trabajando para brindar informaci\u00f3n confiable en todas las \u00e1reas de la decoraci\u00f3n, como la decoraci\u00f3n del hogar, la oficina y la cocina, a los lectores donde sea que se encuentren. Creemos en el derecho de todos a saber y tener f\u00e1cil acceso a informaci\u00f3n confiable decortacas.com Difusi\u00f3n de informaci\u00f3n en todos los &hellip;","og_url":"https:\/\/decortacas.com\/es\/about-us\/","og_site_name":"decor tacas","article_modified_time":"2022-04-22T17:40:31+00:00","twitter_card":"summary_large_image","twitter_misc":{"Tiempo de lectura":"1 minuto"},"schema":{"@context":"https:\/\/schema.org","@graph":[{"@type":"WebPage","@id":"https:\/\/decortacas.com\/es\/about-us\/","url":"https:\/\/decortacas.com\/es\/about-us\/","name":"sobre nosotros - decor tacas","isPartOf":{"@id":"https:\/\/decortacas.com\/es\/#website"},"datePublished":"2022-03-27T16:51:21+00:00","dateModified":"2022-04-22T17:40:31+00:00","breadcrumb":{"@id":"https:\/\/decortacas.com\/es\/about-us\/#breadcrumb"},"inLanguage":"es","potentialAction":[{"@type":"ReadAction","target":["https:\/\/decortacas.com\/es\/about-us\/"]}]},{"@type":"BreadcrumbList","@id":"https:\/\/decortacas.com\/es\/about-us\/#breadcrumb","itemListElement":[{"@type":"ListItem","position":1,"name":"Home","item":"https:\/\/decortacas.com\/es\/"},{"@type":"ListItem","position":2,"name":"sobre nosotros"}]},{"@type":"WebSite","@id":"https:\/\/decortacas.com\/es\/#website","url":"https:\/\/decortacas.com\/es\/","name":"decor tacas","description":"My decor tacas  Blog","potentialAction":[{"@type":"SearchAction","target":{"@type":"EntryPoint","urlTemplate":"https:\/\/decortacas.com\/es\/?s={search_term_string}"},"query-input":{"@type":"PropertyValueSpecification","valueRequired":true,"valueName":"search_term_string"}}],"inLanguage":"es"}]}},"_links":{"self":[{"href":"https:\/\/decortacas.com\/es\/wp-json\/wp\/v2\/pages\/1430","targetHints":{"allow":["GET"]}}],"collection":[{"href":"https:\/\/decortacas.com\/es\/wp-json\/wp\/v2\/pages"}],"about":[{"href":"https:\/\/decortacas.com\/es\/wp-json\/wp\/v2\/types\/page"}],"author":[{"embeddable":true,"href":"https:\/\/decortacas.com\/es\/wp-json\/wp\/v2\/users\/1"}],"replies":[{"embeddable":true,"href":"https:\/\/decortacas.com\/es\/wp-json\/wp\/v2\/comments?post=1430"}],"version-history":[{"count":0,"href":"https:\/\/decortacas.com\/es\/wp-json\/wp\/v2\/pages\/1430\/revisions"}],"wp:attachment":[{"href":"https:\/\/decortacas.com\/es\/wp-json\/wp\/v2\/media?parent=1430"}],"curies":[{"name":"wp","href":"https:\/\/api.w.org\/{rel}","templated":true}]}}