{"id":1403,"date":"2022-03-27T16:48:30","date_gmt":"2022-03-27T16:48:30","guid":{"rendered":"http:\/\/decortacas.com\/privacy-policy\/"},"modified":"2022-04-22T17:26:55","modified_gmt":"2022-04-22T17:26:55","slug":"privacy-policy","status":"publish","type":"page","link":"https:\/\/decortacas.com\/es\/privacy-policy\/","title":{"rendered":"Pol\u00edtica de \u00a0privacidad\u00a0\u00a0"},"content":{"rendered":"<p><span style=\"vertical-align: inherit;\"><strong><span class=\"\" style=\"vertical-align: inherit;\">Pol\u00edtica de <\/span><\/strong><strong><span class=\"\" style=\"vertical-align: inherit;\">\u00a0privacidad\u00a0\u00a0<\/span><\/strong><\/span><\/p>\n<p><strong>\u00a0<\/strong><\/p>\n<p><strong><span style=\"vertical-align: inherit;\"><span style=\"vertical-align: inherit;\">Declaraci\u00f3n de privacidad y confidencialidad<\/span><\/span><\/strong><\/p>\n<p><strong><span style=\"vertical-align: inherit;\"><span style=\"vertical-align: inherit;\">Agradecemos su inter\u00e9s y su preocupaci\u00f3n por la privacidad de sus datos en Internet. <\/span><span style=\"vertical-align: inherit;\">Esta pol\u00edtica ha sido preparada para ayudarlo a comprender la naturaleza de los datos que recopilamos de usted cuando visita el sitio web \u00abdecortacas.com\u00bb y c\u00f3mo tratamos estos datos personales <\/span><\/span><\/strong><strong><span style=\"vertical-align: inherit;\"><span style=\"vertical-align: inherit;\">.<\/span><\/span><\/strong><\/p>\n<p><strong><span style=\"vertical-align: inherit;\"><span style=\"vertical-align: inherit;\">hojeada<\/span><\/span><\/strong><\/p>\n<p><strong><span style=\"vertical-align: inherit;\"><span style=\"vertical-align: inherit;\">No dise\u00f1amos este sitio para recopilar sus datos personales de su computadora mientras navega por este sitio, sino que solo los datos proporcionados por usted se utilizar\u00e1n con su conocimiento y por su propia voluntad <\/span><\/span><\/strong><strong><span style=\"vertical-align: inherit;\"><span style=\"vertical-align: inherit;\">.<\/span><\/span><\/strong><\/p>\n<p><strong><span style=\"vertical-align: inherit;\"><span style=\"vertical-align: inherit;\">Direcci\u00f3n de Protocolo de Internet ( <\/span><\/span><\/strong><strong><span style=\"vertical-align: inherit;\"><span style=\"vertical-align: inherit;\">IP <\/span><\/span><\/strong><strong><span style=\"vertical-align: inherit;\"><span style=\"vertical-align: inherit;\">)<\/span><\/span><\/strong><\/p>\n<p><strong>\u00a0 <\/strong><strong><span style=\"vertical-align: inherit;\"><span style=\"vertical-align: inherit;\">En cualquier momento que visite cualquier sitio web, incluido este sitio web, el servidor host registrar\u00e1 su direcci\u00f3n de Protocolo de Internet <\/span><\/span><\/strong><strong><span style=\"vertical-align: inherit;\"><span style=\"vertical-align: inherit;\">\u00a0\u00a0 (IP) <\/span><\/span><\/strong><strong><span style=\"vertical-align: inherit;\"><span style=\"vertical-align: inherit;\">, la fecha y la hora de la visita, el tipo de navegador de Internet que utiliza y\u00a0 la <\/span><\/span><\/strong><strong><span style=\"vertical-align: inherit;\"><span style=\"vertical-align: inherit;\">URL\u00a0 <\/span><\/span><\/strong><strong><span style=\"vertical-align: inherit;\"><span style=\"vertical-align: inherit;\">de cualquier sitio web al que haga referencia. sitio en la red <\/span><\/span><\/strong><strong><span style=\"vertical-align: inherit;\"><span style=\"vertical-align: inherit;\">.<\/span><\/span><\/strong><\/p>\n<p><strong><span style=\"vertical-align: inherit;\"><span style=\"vertical-align: inherit;\">Escaneos de red<\/span><\/span><\/strong><\/p>\n<p><strong>\u00a0<\/strong><strong><span style=\"vertical-align: inherit;\"><span style=\"vertical-align: inherit;\">Las encuestas que realizamos directamente en la red nos permiten recopilar datos espec\u00edficos, como los datos que le solicitamos con respecto a su opini\u00f3n y opini\u00f3n sobre nuestro sitio <\/span><\/span><\/strong><strong><span style=\"vertical-align: inherit;\"><span style=\"vertical-align: inherit;\">.<\/span><\/span><\/strong><\/p>\n<p><strong><span style=\"vertical-align: inherit;\"><span style=\"vertical-align: inherit;\">Enlaces a otros sitios web en Internet<\/span><\/span><\/strong><\/p>\n<p><strong><span style=\"vertical-align: inherit;\"><span style=\"vertical-align: inherit;\">Nuestro sitio web puede incluir enlaces a otros sitios web en Internet. <\/span><span style=\"vertical-align: inherit;\">O anuncios de otros sitios y no somos responsables de los m\u00e9todos de recopilaci\u00f3n de datos por esos sitios Puede ver las pol\u00edticas de confidencialidad y los contenidos de esos sitios a los que se accede a trav\u00e9s de cualquier enlace dentro de este sitio <\/span><\/span><\/strong><strong><span style=\"vertical-align: inherit;\"><span style=\"vertical-align: inherit;\">.<\/span><\/span><\/strong><\/p>\n<p><strong><span style=\"vertical-align: inherit;\"><span style=\"vertical-align: inherit;\">Podemos utilizar empresas de publicidad de terceros para mostrar anuncios cuando visita nuestro sitio web. <\/span><span style=\"vertical-align: inherit;\">Estas empresas pueden utilizar informaci\u00f3n sobre sus visitas a este y otros sitios web (excepto su nombre, direcci\u00f3n, direcci\u00f3n de correo electr\u00f3nico o n\u00famero de tel\u00e9fono) para proporcionar anuncios sobre bienes y servicios de su inter\u00e9s. <\/span><span style=\"vertical-align: inherit;\">Si desea obtener m\u00e1s informaci\u00f3n sobre esto y si desea conocer las opciones disponibles para evitar que estas empresas utilicen esta informaci\u00f3n, haga clic aqu\u00ed <\/span><\/span><\/strong><strong><span style=\"vertical-align: inherit;\"><span style=\"vertical-align: inherit;\">.<\/span><\/span><\/strong><\/p>\n<p><strong><span style=\"vertical-align: inherit;\"><span style=\"vertical-align: inherit;\">anuncios<\/span><\/span><\/strong><\/p>\n<p><strong><span style=\"vertical-align: inherit;\"><span style=\"vertical-align: inherit;\">\u201cdecortacas.com\u201d utiliza un intermediario publicitario externo que es el controlador de los anuncios que aparecen en \u201cZamzami\u201d, aunque los anuncios se revisan diariamente para eliminar los anuncios que contienen im\u00e1genes de mujeres, o enlaces a algunos sitios que no tenemos. ver adecuado para seguidores y fans de \u201cdecortacas.com\u201d.com\u201d, pero en ocasiones es posible que veas algunos anuncios sobre los que no tenemos control total <\/span><\/span><\/strong><strong><span style=\"vertical-align: inherit;\"><span style=\"vertical-align: inherit;\">.<\/span><\/span><\/strong><\/p>\n<p><strong><span style=\"vertical-align: inherit;\"><span style=\"vertical-align: inherit;\">Sin embargo, puede evitar cualquier anuncio que considere inapropiado enviando un enlace al administrador del sitio enviando un mensaje desde la p\u00e1gina Cont\u00e1ctenos en la parte superior del men\u00fa principal <\/span><\/span><\/strong><strong><span style=\"vertical-align: inherit;\"><span style=\"vertical-align: inherit;\">.<\/span><\/span><\/strong><\/p>\n<p><strong><span style=\"vertical-align: inherit;\"><span style=\"vertical-align: inherit;\">Revelaci\u00f3n de informaci\u00f3n\u00a0<\/span><\/span><\/strong><\/p>\n<p><strong><span style=\"vertical-align: inherit;\"><span style=\"vertical-align: inherit;\">Mantendremos en todo momento la privacidad y confidencialidad de todos los datos personales que obtengamos. <\/span><span style=\"vertical-align: inherit;\">Dicha informaci\u00f3n no se divulgar\u00e1 a menos que as\u00ed lo exija alguna ley o cuando creamos de buena fe que dicha acci\u00f3n ser\u00e1 necesaria o deseable para cumplir con la ley, o para defender o proteger los derechos de propiedad de este sitio o sus beneficiarios.<\/span><\/span><\/strong><\/p>\n<p><strong><span style=\"vertical-align: inherit;\"><span style=\"vertical-align: inherit;\">Los datos necesarios para realizar las transacciones solicitadas por usted<\/span><\/span><\/strong><\/p>\n<p><strong><span style=\"vertical-align: inherit;\"><span style=\"vertical-align: inherit;\">\u00a0Cuando necesitemos alguno de sus datos, le pediremos que nos los proporcione por su propia voluntad. <\/span><span style=\"vertical-align: inherit;\">Esta informaci\u00f3n nos ayudar\u00e1 a comunicarnos con usted y llevar a cabo sus solicitudes siempre que sea posible. <\/span><span style=\"vertical-align: inherit;\">Los datos proporcionados por usted nunca se vender\u00e1n a terceros con el fin de comercializarlos para su propio beneficio sin su consentimiento previo y por escrito, a menos que esto se haga sobre la base de que es parte de datos colectivos utilizados con fines estad\u00edsticos y de investigaci\u00f3n sin incluyendo cualquier dato que pueda ser utilizado para identificarlo.<\/span><\/span><\/strong><\/p>\n<p>&nbsp;<\/p>\n<p>&nbsp;<\/p>\n<p><strong>\u00a0<\/strong><\/p>\n<p><strong><span style=\"vertical-align: inherit;\"><span style=\"vertical-align: inherit;\">Cuando nos contacta<\/span><\/span><\/strong><\/p>\n<p><strong><span style=\"vertical-align: inherit;\"><span style=\"vertical-align: inherit;\">\u00a0Todos los datos proporcionados por usted ser\u00e1n tratados de forma confidencial. <\/span><span style=\"vertical-align: inherit;\">Los formularios que se env\u00edan directamente en la red requieren proporcionar datos que nos ayudar\u00e1n a mejorar nuestro sitio. Los datos proporcionados por usted se utilizar\u00e1n para responder a todas sus consultas, comentarios o solicitudes de este sitio o cualquiera de sus sitios afiliados.<\/span><\/span><\/strong><\/p>\n<p><strong><span style=\"vertical-align: inherit;\"><span style=\"vertical-align: inherit;\">Divulgaci\u00f3n de informaci\u00f3n a terceros\u00a0<\/span><\/span><\/strong><\/p>\n<p><strong><span style=\"vertical-align: inherit;\"><span style=\"vertical-align: inherit;\">No venderemos, intercambiaremos, alquilaremos ni divulgaremos ninguna informaci\u00f3n en beneficio de terceros fuera de este sitio o de sus sitios afiliados. La informaci\u00f3n se divulgar\u00e1 solo en caso de que una autoridad judicial o reguladora lo ordene. .<\/span><\/span><\/strong><\/p>\n<p><strong><span style=\"vertical-align: inherit;\"><span style=\"vertical-align: inherit;\">Cont\u00e1ctenos<\/span><\/span><\/strong><\/p>\n<p><strong><span style=\"vertical-align: inherit;\"><span style=\"vertical-align: inherit;\">Puede comunicarse con nosotros cuando sea necesario haciendo clic en el enlace Cont\u00e1ctenos disponible en los enlaces de nuestro sitio web en la parte superior del men\u00fa principal.<\/span><\/span><br \/>\n<\/strong><\/p>\n<p>&nbsp;<\/p>\n<p>&nbsp;<\/p>\n","protected":false},"excerpt":{"rendered":"<p>Pol\u00edtica de \u00a0privacidad\u00a0\u00a0 \u00a0 Declaraci\u00f3n de privacidad y confidencialidad Agradecemos su inter\u00e9s y su preocupaci\u00f3n por la privacidad de sus datos en Internet. Esta pol\u00edtica ha sido preparada para ayudarlo a comprender la naturaleza de los datos que recopilamos de usted cuando visita el sitio web \u00abdecortacas.com\u00bb y c\u00f3mo tratamos estos datos personales . hojeada &hellip;<\/p>\n","protected":false},"author":1,"featured_media":0,"parent":0,"menu_order":0,"comment_status":"closed","ping_status":"closed","template":"","meta":{"footnotes":""},"class_list":["post-1403","page","type-page","status-publish","hentry"],"yoast_head":"<!-- This site is optimized with the Yoast SEO plugin v25.4 - https:\/\/yoast.com\/wordpress\/plugins\/seo\/ -->\n<title>Pol\u00edtica de \u00a0privacidad\u00a0\u00a0 - decor tacas<\/title>\n<meta name=\"robots\" content=\"index, follow, max-snippet:-1, max-image-preview:large, max-video-preview:-1\" \/>\n<link rel=\"canonical\" href=\"https:\/\/decortacas.com\/es\/privacy-policy\/\" \/>\n<meta property=\"og:locale\" content=\"es_ES\" \/>\n<meta property=\"og:type\" content=\"article\" \/>\n<meta property=\"og:title\" content=\"Pol\u00edtica de \u00a0privacidad\u00a0\u00a0 - decor tacas\" \/>\n<meta property=\"og:description\" content=\"Pol\u00edtica de \u00a0privacidad\u00a0\u00a0 \u00a0 Declaraci\u00f3n de privacidad y confidencialidad Agradecemos su inter\u00e9s y su preocupaci\u00f3n por la privacidad de sus datos en Internet. Esta pol\u00edtica ha sido preparada para ayudarlo a comprender la naturaleza de los datos que recopilamos de usted cuando visita el sitio web \u00abdecortacas.com\u00bb y c\u00f3mo tratamos estos datos personales . hojeada &hellip;\" \/>\n<meta property=\"og:url\" content=\"https:\/\/decortacas.com\/es\/privacy-policy\/\" \/>\n<meta property=\"og:site_name\" content=\"decor tacas\" \/>\n<meta property=\"article:modified_time\" content=\"2022-04-22T17:26:55+00:00\" \/>\n<meta name=\"twitter:card\" content=\"summary_large_image\" \/>\n<meta name=\"twitter:label1\" content=\"Tiempo de lectura\" \/>\n\t<meta name=\"twitter:data1\" content=\"4 minutos\" \/>\n<script type=\"application\/ld+json\" class=\"yoast-schema-graph\">{\"@context\":\"https:\/\/schema.org\",\"@graph\":[{\"@type\":\"WebPage\",\"@id\":\"https:\/\/decortacas.com\/es\/privacy-policy\/\",\"url\":\"https:\/\/decortacas.com\/es\/privacy-policy\/\",\"name\":\"Pol\u00edtica de \u00a0privacidad\u00a0\u00a0 - decor tacas\",\"isPartOf\":{\"@id\":\"https:\/\/decortacas.com\/es\/#website\"},\"datePublished\":\"2022-03-27T16:48:30+00:00\",\"dateModified\":\"2022-04-22T17:26:55+00:00\",\"breadcrumb\":{\"@id\":\"https:\/\/decortacas.com\/es\/privacy-policy\/#breadcrumb\"},\"inLanguage\":\"es\",\"potentialAction\":[{\"@type\":\"ReadAction\",\"target\":[\"https:\/\/decortacas.com\/es\/privacy-policy\/\"]}]},{\"@type\":\"BreadcrumbList\",\"@id\":\"https:\/\/decortacas.com\/es\/privacy-policy\/#breadcrumb\",\"itemListElement\":[{\"@type\":\"ListItem\",\"position\":1,\"name\":\"Home\",\"item\":\"https:\/\/decortacas.com\/es\/\"},{\"@type\":\"ListItem\",\"position\":2,\"name\":\"Pol\u00edtica de \u00a0privacidad\u00a0\u00a0\"}]},{\"@type\":\"WebSite\",\"@id\":\"https:\/\/decortacas.com\/es\/#website\",\"url\":\"https:\/\/decortacas.com\/es\/\",\"name\":\"decor tacas\",\"description\":\"My decor tacas  Blog\",\"potentialAction\":[{\"@type\":\"SearchAction\",\"target\":{\"@type\":\"EntryPoint\",\"urlTemplate\":\"https:\/\/decortacas.com\/es\/?s={search_term_string}\"},\"query-input\":{\"@type\":\"PropertyValueSpecification\",\"valueRequired\":true,\"valueName\":\"search_term_string\"}}],\"inLanguage\":\"es\"}]}<\/script>\n<!-- \/ Yoast SEO plugin. -->","yoast_head_json":{"title":"Pol\u00edtica de \u00a0privacidad\u00a0\u00a0 - decor tacas","robots":{"index":"index","follow":"follow","max-snippet":"max-snippet:-1","max-image-preview":"max-image-preview:large","max-video-preview":"max-video-preview:-1"},"canonical":"https:\/\/decortacas.com\/es\/privacy-policy\/","og_locale":"es_ES","og_type":"article","og_title":"Pol\u00edtica de \u00a0privacidad\u00a0\u00a0 - decor tacas","og_description":"Pol\u00edtica de \u00a0privacidad\u00a0\u00a0 \u00a0 Declaraci\u00f3n de privacidad y confidencialidad Agradecemos su inter\u00e9s y su preocupaci\u00f3n por la privacidad de sus datos en Internet. Esta pol\u00edtica ha sido preparada para ayudarlo a comprender la naturaleza de los datos que recopilamos de usted cuando visita el sitio web \u00abdecortacas.com\u00bb y c\u00f3mo tratamos estos datos personales . hojeada &hellip;","og_url":"https:\/\/decortacas.com\/es\/privacy-policy\/","og_site_name":"decor tacas","article_modified_time":"2022-04-22T17:26:55+00:00","twitter_card":"summary_large_image","twitter_misc":{"Tiempo de lectura":"4 minutos"},"schema":{"@context":"https:\/\/schema.org","@graph":[{"@type":"WebPage","@id":"https:\/\/decortacas.com\/es\/privacy-policy\/","url":"https:\/\/decortacas.com\/es\/privacy-policy\/","name":"Pol\u00edtica de \u00a0privacidad\u00a0\u00a0 - decor tacas","isPartOf":{"@id":"https:\/\/decortacas.com\/es\/#website"},"datePublished":"2022-03-27T16:48:30+00:00","dateModified":"2022-04-22T17:26:55+00:00","breadcrumb":{"@id":"https:\/\/decortacas.com\/es\/privacy-policy\/#breadcrumb"},"inLanguage":"es","potentialAction":[{"@type":"ReadAction","target":["https:\/\/decortacas.com\/es\/privacy-policy\/"]}]},{"@type":"BreadcrumbList","@id":"https:\/\/decortacas.com\/es\/privacy-policy\/#breadcrumb","itemListElement":[{"@type":"ListItem","position":1,"name":"Home","item":"https:\/\/decortacas.com\/es\/"},{"@type":"ListItem","position":2,"name":"Pol\u00edtica de \u00a0privacidad\u00a0\u00a0"}]},{"@type":"WebSite","@id":"https:\/\/decortacas.com\/es\/#website","url":"https:\/\/decortacas.com\/es\/","name":"decor tacas","description":"My decor tacas  Blog","potentialAction":[{"@type":"SearchAction","target":{"@type":"EntryPoint","urlTemplate":"https:\/\/decortacas.com\/es\/?s={search_term_string}"},"query-input":{"@type":"PropertyValueSpecification","valueRequired":true,"valueName":"search_term_string"}}],"inLanguage":"es"}]}},"_links":{"self":[{"href":"https:\/\/decortacas.com\/es\/wp-json\/wp\/v2\/pages\/1403","targetHints":{"allow":["GET"]}}],"collection":[{"href":"https:\/\/decortacas.com\/es\/wp-json\/wp\/v2\/pages"}],"about":[{"href":"https:\/\/decortacas.com\/es\/wp-json\/wp\/v2\/types\/page"}],"author":[{"embeddable":true,"href":"https:\/\/decortacas.com\/es\/wp-json\/wp\/v2\/users\/1"}],"replies":[{"embeddable":true,"href":"https:\/\/decortacas.com\/es\/wp-json\/wp\/v2\/comments?post=1403"}],"version-history":[{"count":0,"href":"https:\/\/decortacas.com\/es\/wp-json\/wp\/v2\/pages\/1403\/revisions"}],"wp:attachment":[{"href":"https:\/\/decortacas.com\/es\/wp-json\/wp\/v2\/media?parent=1403"}],"curies":[{"name":"wp","href":"https:\/\/api.w.org\/{rel}","templated":true}]}}