{"id":1425,"date":"2022-03-27T16:51:21","date_gmt":"2022-03-27T16:51:21","guid":{"rendered":"http:\/\/decortacas.com\/about-us\/"},"modified":"2022-04-22T17:35:45","modified_gmt":"2022-04-22T17:35:45","slug":"about-us","status":"publish","type":"page","link":"https:\/\/decortacas.com\/de\/about-us\/","title":{"rendered":"\u00fcber uns"},"content":{"rendered":"<p><strong><span style=\"vertical-align: inherit;\"><span class=\"\" style=\"vertical-align: inherit;\">\u00fcber uns<\/span><\/span><\/strong><\/p>\n<p><span style=\"vertical-align: inherit;\"><span style=\"vertical-align: inherit;\">Wir arbeiten daran, den Lesern \u00fcberall zuverl\u00e4ssige Informationen in allen Bereichen der Dekoration wie Wohn-, B\u00fcro- und K\u00fcchendekoration zur Verf\u00fcgung zu stellen. <\/span><span style=\"vertical-align: inherit;\">Wir glauben an das Recht jedes Einzelnen auf Informationen und einfachen Zugang zu zuverl\u00e4ssigen Informationen decortacas.com<\/span><\/span><\/p>\n<p><span style=\"vertical-align: inherit;\"><span style=\"vertical-align: inherit;\">Verbreitung von Informationen in allen Bereichen, die den genehmigten Daten zugeordnet sind.<\/span><\/span><\/p>\n<p><span style=\"vertical-align: inherit;\"><span style=\"vertical-align: inherit;\">Respektieren Sie Urheberrechte, geistiges Eigentum sowie professionelle und ethische Standards.<\/span><\/span><\/p>\n<p><span style=\"vertical-align: inherit;\"><span style=\"vertical-align: inherit;\">Respektieren Sie die Privatsph\u00e4re unserer Benutzer und geben Sie keine privaten Informationen weiter, die Sie uns mitteilen<\/span><\/span><\/p>\n<p><span style=\"vertical-align: inherit;\"><span style=\"vertical-align: inherit;\">Halten Sie sich \u00fcber die neuesten wissenschaftlichen Entwicklungen auf dem Laufenden und aktualisieren Sie unsere Inhalte entsprechend.<\/span><\/span><\/p>\n<p><span style=\"vertical-align: inherit;\"><span style=\"vertical-align: inherit;\">Unterst\u00fctzt von einem Team aus professionellen Experten, Managern, Redakteuren, Programmierern, Designern und \u00dcbersetzern,<\/span><\/span><\/p>\n<p><span style=\"vertical-align: inherit;\"><span style=\"vertical-align: inherit;\">Sie erhalten und verbessern ihre Leistung kontinuierlich, um qualitativ hochwertige Produkte, Inhalte und Dienstleistungen zu gew\u00e4hrleisten.<\/span><\/span><\/p>\n<p><span style=\"vertical-align: inherit;\"><span style=\"vertical-align: inherit;\">Es dient nur p\u00e4dagogischen Zwecken.<\/span><\/span><\/p>\n<p><span style=\"vertical-align: inherit;\"><span style=\"vertical-align: inherit;\">Mit freundlichen Gr\u00fc\u00dfen<\/span><\/span><\/p>\n<p><span style=\"vertical-align: inherit;\"><span style=\"vertical-align: inherit;\">decortacas.com<\/span><\/span><\/p>\n","protected":false},"excerpt":{"rendered":"<p>\u00fcber uns Wir arbeiten daran, den Lesern \u00fcberall zuverl\u00e4ssige Informationen in allen Bereichen der Dekoration wie Wohn-, B\u00fcro- und K\u00fcchendekoration zur Verf\u00fcgung zu stellen. Wir glauben an das Recht jedes Einzelnen auf Informationen und einfachen Zugang zu zuverl\u00e4ssigen Informationen decortacas.com Verbreitung von Informationen in allen Bereichen, die den genehmigten Daten zugeordnet sind. Respektieren Sie Urheberrechte, &hellip;<\/p>\n","protected":false},"author":1,"featured_media":0,"parent":0,"menu_order":0,"comment_status":"closed","ping_status":"closed","template":"","meta":{"footnotes":""},"class_list":["post-1425","page","type-page","status-publish","hentry"],"yoast_head":"<!-- This site is optimized with the Yoast SEO plugin v25.4 - https:\/\/yoast.com\/wordpress\/plugins\/seo\/ -->\n<title>\u00fcber uns - decor tacas<\/title>\n<meta name=\"robots\" content=\"index, follow, max-snippet:-1, max-image-preview:large, max-video-preview:-1\" \/>\n<link rel=\"canonical\" href=\"https:\/\/decortacas.com\/de\/about-us\/\" \/>\n<meta property=\"og:locale\" content=\"de_DE\" \/>\n<meta property=\"og:type\" content=\"article\" \/>\n<meta property=\"og:title\" content=\"\u00fcber uns - decor tacas\" \/>\n<meta property=\"og:description\" content=\"\u00fcber uns Wir arbeiten daran, den Lesern \u00fcberall zuverl\u00e4ssige Informationen in allen Bereichen der Dekoration wie Wohn-, B\u00fcro- und K\u00fcchendekoration zur Verf\u00fcgung zu stellen. Wir glauben an das Recht jedes Einzelnen auf Informationen und einfachen Zugang zu zuverl\u00e4ssigen Informationen decortacas.com Verbreitung von Informationen in allen Bereichen, die den genehmigten Daten zugeordnet sind. Respektieren Sie Urheberrechte, &hellip;\" \/>\n<meta property=\"og:url\" content=\"https:\/\/decortacas.com\/de\/about-us\/\" \/>\n<meta property=\"og:site_name\" content=\"decor tacas\" \/>\n<meta property=\"article:modified_time\" content=\"2022-04-22T17:35:45+00:00\" \/>\n<meta name=\"twitter:card\" content=\"summary_large_image\" \/>\n<meta name=\"twitter:label1\" content=\"Gesch\u00e4tzte Lesezeit\" \/>\n\t<meta name=\"twitter:data1\" content=\"1\u00a0Minute\" \/>\n<script type=\"application\/ld+json\" class=\"yoast-schema-graph\">{\"@context\":\"https:\/\/schema.org\",\"@graph\":[{\"@type\":\"WebPage\",\"@id\":\"https:\/\/decortacas.com\/de\/about-us\/\",\"url\":\"https:\/\/decortacas.com\/de\/about-us\/\",\"name\":\"\u00fcber uns - decor tacas\",\"isPartOf\":{\"@id\":\"https:\/\/decortacas.com\/de\/#website\"},\"datePublished\":\"2022-03-27T16:51:21+00:00\",\"dateModified\":\"2022-04-22T17:35:45+00:00\",\"breadcrumb\":{\"@id\":\"https:\/\/decortacas.com\/de\/about-us\/#breadcrumb\"},\"inLanguage\":\"de\",\"potentialAction\":[{\"@type\":\"ReadAction\",\"target\":[\"https:\/\/decortacas.com\/de\/about-us\/\"]}]},{\"@type\":\"BreadcrumbList\",\"@id\":\"https:\/\/decortacas.com\/de\/about-us\/#breadcrumb\",\"itemListElement\":[{\"@type\":\"ListItem\",\"position\":1,\"name\":\"Home\",\"item\":\"https:\/\/decortacas.com\/de\/\"},{\"@type\":\"ListItem\",\"position\":2,\"name\":\"\u00fcber uns\"}]},{\"@type\":\"WebSite\",\"@id\":\"https:\/\/decortacas.com\/de\/#website\",\"url\":\"https:\/\/decortacas.com\/de\/\",\"name\":\"decor tacas\",\"description\":\"My decor tacas  Blog\",\"potentialAction\":[{\"@type\":\"SearchAction\",\"target\":{\"@type\":\"EntryPoint\",\"urlTemplate\":\"https:\/\/decortacas.com\/de\/?s={search_term_string}\"},\"query-input\":{\"@type\":\"PropertyValueSpecification\",\"valueRequired\":true,\"valueName\":\"search_term_string\"}}],\"inLanguage\":\"de\"}]}<\/script>\n<!-- \/ Yoast SEO plugin. -->","yoast_head_json":{"title":"\u00fcber uns - decor tacas","robots":{"index":"index","follow":"follow","max-snippet":"max-snippet:-1","max-image-preview":"max-image-preview:large","max-video-preview":"max-video-preview:-1"},"canonical":"https:\/\/decortacas.com\/de\/about-us\/","og_locale":"de_DE","og_type":"article","og_title":"\u00fcber uns - decor tacas","og_description":"\u00fcber uns Wir arbeiten daran, den Lesern \u00fcberall zuverl\u00e4ssige Informationen in allen Bereichen der Dekoration wie Wohn-, B\u00fcro- und K\u00fcchendekoration zur Verf\u00fcgung zu stellen. Wir glauben an das Recht jedes Einzelnen auf Informationen und einfachen Zugang zu zuverl\u00e4ssigen Informationen decortacas.com Verbreitung von Informationen in allen Bereichen, die den genehmigten Daten zugeordnet sind. Respektieren Sie Urheberrechte, &hellip;","og_url":"https:\/\/decortacas.com\/de\/about-us\/","og_site_name":"decor tacas","article_modified_time":"2022-04-22T17:35:45+00:00","twitter_card":"summary_large_image","twitter_misc":{"Gesch\u00e4tzte Lesezeit":"1\u00a0Minute"},"schema":{"@context":"https:\/\/schema.org","@graph":[{"@type":"WebPage","@id":"https:\/\/decortacas.com\/de\/about-us\/","url":"https:\/\/decortacas.com\/de\/about-us\/","name":"\u00fcber uns - decor tacas","isPartOf":{"@id":"https:\/\/decortacas.com\/de\/#website"},"datePublished":"2022-03-27T16:51:21+00:00","dateModified":"2022-04-22T17:35:45+00:00","breadcrumb":{"@id":"https:\/\/decortacas.com\/de\/about-us\/#breadcrumb"},"inLanguage":"de","potentialAction":[{"@type":"ReadAction","target":["https:\/\/decortacas.com\/de\/about-us\/"]}]},{"@type":"BreadcrumbList","@id":"https:\/\/decortacas.com\/de\/about-us\/#breadcrumb","itemListElement":[{"@type":"ListItem","position":1,"name":"Home","item":"https:\/\/decortacas.com\/de\/"},{"@type":"ListItem","position":2,"name":"\u00fcber uns"}]},{"@type":"WebSite","@id":"https:\/\/decortacas.com\/de\/#website","url":"https:\/\/decortacas.com\/de\/","name":"decor tacas","description":"My decor tacas  Blog","potentialAction":[{"@type":"SearchAction","target":{"@type":"EntryPoint","urlTemplate":"https:\/\/decortacas.com\/de\/?s={search_term_string}"},"query-input":{"@type":"PropertyValueSpecification","valueRequired":true,"valueName":"search_term_string"}}],"inLanguage":"de"}]}},"_links":{"self":[{"href":"https:\/\/decortacas.com\/de\/wp-json\/wp\/v2\/pages\/1425","targetHints":{"allow":["GET"]}}],"collection":[{"href":"https:\/\/decortacas.com\/de\/wp-json\/wp\/v2\/pages"}],"about":[{"href":"https:\/\/decortacas.com\/de\/wp-json\/wp\/v2\/types\/page"}],"author":[{"embeddable":true,"href":"https:\/\/decortacas.com\/de\/wp-json\/wp\/v2\/users\/1"}],"replies":[{"embeddable":true,"href":"https:\/\/decortacas.com\/de\/wp-json\/wp\/v2\/comments?post=1425"}],"version-history":[{"count":0,"href":"https:\/\/decortacas.com\/de\/wp-json\/wp\/v2\/pages\/1425\/revisions"}],"wp:attachment":[{"href":"https:\/\/decortacas.com\/de\/wp-json\/wp\/v2\/media?parent=1425"}],"curies":[{"name":"wp","href":"https:\/\/api.w.org\/{rel}","templated":true}]}}