{"id":1398,"date":"2022-03-27T16:48:30","date_gmt":"2022-03-27T16:48:30","guid":{"rendered":"http:\/\/decortacas.com\/privacy-policy\/"},"modified":"2022-04-22T17:21:45","modified_gmt":"2022-04-22T17:21:45","slug":"privacy-policy","status":"publish","type":"page","link":"https:\/\/decortacas.com\/de\/privacy-policy\/","title":{"rendered":"\u00a0Datenschutzrichtlinie\u00a0\u00a0"},"content":{"rendered":"<p><strong><span style=\"vertical-align: inherit;\"><span class=\"\" style=\"vertical-align: inherit;\">\u00a0Datenschutzrichtlinie\u00a0\u00a0 <\/span><\/span><\/strong><strong><span style=\"vertical-align: inherit;\"><span class=\"\" style=\"vertical-align: inherit;\">_<\/span><\/span><\/strong><\/p>\n<p><strong>\u00a0<\/strong><\/p>\n<p><strong><span style=\"vertical-align: inherit;\"><span style=\"vertical-align: inherit;\">Datenschutz- und Vertraulichkeitserkl\u00e4rung<\/span><\/span><\/strong><\/p>\n<p><strong><span style=\"vertical-align: inherit;\"><span style=\"vertical-align: inherit;\">Wir freuen uns \u00fcber Ihr Interesse und Ihre Bedenken zum Schutz Ihrer Daten im Internet. <\/span><span style=\"vertical-align: inherit;\">Diese Richtlinie wurde erstellt, um Ihnen zu helfen, die Art der Daten zu verstehen, die wir von Ihnen sammeln, wenn Sie die Website \u201edecortacas.com\u201c besuchen, und wie wir mit diesen personenbezogenen Daten umgehen <\/span><\/span><\/strong><strong><span style=\"vertical-align: inherit;\"><span style=\"vertical-align: inherit;\">.<\/span><\/span><\/strong><\/p>\n<p><strong><span style=\"vertical-align: inherit;\"><span style=\"vertical-align: inherit;\">durchsuchen<\/span><\/span><\/strong><\/p>\n<p><strong><span style=\"vertical-align: inherit;\"><span style=\"vertical-align: inherit;\">Wir haben diese Website nicht entwickelt, um Ihre pers\u00f6nlichen Daten von Ihrem Computer zu sammeln, w\u00e4hrend Sie auf dieser Website surfen, sondern nur die von Ihnen bereitgestellten Daten werden mit Ihrem Wissen und Ihrem eigenen Willen verwendet <\/span><\/span><\/strong><strong><span style=\"vertical-align: inherit;\"><span style=\"vertical-align: inherit;\">.<\/span><\/span><\/strong><\/p>\n<p><strong><span style=\"vertical-align: inherit;\"><span style=\"vertical-align: inherit;\">Internet Protocol ( <\/span><\/span><\/strong><strong><span style=\"vertical-align: inherit;\"><span style=\"vertical-align: inherit;\">IP <\/span><\/span><\/strong><strong><span style=\"vertical-align: inherit;\"><span style=\"vertical-align: inherit;\">) -Adresse<\/span><\/span><\/strong><\/p>\n<p><strong>\u00a0 <\/strong><strong><span style=\"vertical-align: inherit;\"><span style=\"vertical-align: inherit;\">Jedes Mal, wenn Sie eine Website einschlie\u00dflich dieser Website besuchen, zeichnet der Hostserver Ihre Internet Protocol <\/span><\/span><\/strong><strong><span style=\"vertical-align: inherit;\"><span style=\"vertical-align: inherit;\">\u00a0\u00a0 (IP)-Adresse <\/span><\/span><\/strong><strong><span style=\"vertical-align: inherit;\"><span style=\"vertical-align: inherit;\">, das Datum und die Uhrzeit des Besuchs, den Typ des von Ihnen verwendeten Internetbrowsers und\u00a0 die <\/span><\/span><\/strong><strong><span style=\"vertical-align: inherit;\"><span style=\"vertical-align: inherit;\">URL\u00a0 <\/span><\/span><\/strong><strong><span style=\"vertical-align: inherit;\"><span style=\"vertical-align: inherit;\">jeder Website auf, auf die Sie verweisen Website im Netzwerk <\/span><\/span><\/strong><strong><span style=\"vertical-align: inherit;\"><span style=\"vertical-align: inherit;\">.<\/span><\/span><\/strong><\/p>\n<p><strong><span style=\"vertical-align: inherit;\"><span style=\"vertical-align: inherit;\">Netzwerk-Scans<\/span><\/span><\/strong><\/p>\n<p><strong>\u00a0<\/strong><strong><span style=\"vertical-align: inherit;\"><span style=\"vertical-align: inherit;\">Die Umfragen, die wir direkt im Netzwerk durchf\u00fchren, erm\u00f6glichen es uns, spezifische Daten zu sammeln, wie die von Ihnen angeforderten Daten bez\u00fcglich Ihrer Ansicht und Ihres Gef\u00fchls zu unserer Website <\/span><\/span><\/strong><strong><span style=\"vertical-align: inherit;\"><span style=\"vertical-align: inherit;\">.<\/span><\/span><\/strong><\/p>\n<p><strong><span style=\"vertical-align: inherit;\"><span style=\"vertical-align: inherit;\">Links zu anderen Websites im Internet<\/span><\/span><\/strong><\/p>\n<p><strong><span style=\"vertical-align: inherit;\"><span style=\"vertical-align: inherit;\">Unsere Website kann Links zu anderen Websites im Internet enthalten. <\/span><span style=\"vertical-align: inherit;\">Oder Werbung von anderen Websites, und wir sind nicht verantwortlich f\u00fcr die Methoden der Datenerfassung durch diese Websites.Sie k\u00f6nnen die Vertraulichkeitsrichtlinien und Inhalte dieser Websites anzeigen, auf die \u00fcber einen beliebigen Link auf dieser Website zugegriffen wird <\/span><\/span><\/strong><strong><span style=\"vertical-align: inherit;\"><span style=\"vertical-align: inherit;\">.<\/span><\/span><\/strong><\/p>\n<p><strong><span style=\"vertical-align: inherit;\"><span style=\"vertical-align: inherit;\">Wir k\u00f6nnen Drittanbieter-Werbeunternehmen einsetzen, um Anzeigen anzuzeigen, wenn Sie unsere Website besuchen. <\/span><span style=\"vertical-align: inherit;\">Diese Unternehmen k\u00f6nnen Informationen \u00fcber Ihre Besuche auf dieser und anderen Websites (mit Ausnahme Ihres Namens, Ihrer Adresse, E-Mail-Adresse oder Telefonnummer) verwenden, um Werbung f\u00fcr Waren und Dienstleistungen bereitzustellen, die Sie interessieren. <\/span><span style=\"vertical-align: inherit;\">Wenn Sie weitere Informationen dazu w\u00fcnschen und wissen m\u00f6chten, welche M\u00f6glichkeiten Ihnen zur Verf\u00fcgung stehen, um zu verhindern, dass diese Informationen von diesen Unternehmen verwendet werden, klicken Sie bitte hier <\/span><\/span><\/strong><strong><span style=\"vertical-align: inherit;\"><span style=\"vertical-align: inherit;\">.<\/span><\/span><\/strong><\/p>\n<p><strong><span style=\"vertical-align: inherit;\"><span style=\"vertical-align: inherit;\">Anzeigen<\/span><\/span><\/strong><\/p>\n<p><strong><span style=\"vertical-align: inherit;\"><span style=\"vertical-align: inherit;\">\u201edecortacas.com\u201c verwendet einen externen Werbemakler, der die Kontrolle \u00fcber die Anzeigen hat, die auf \u201eZamzami\u201c erscheinen, obwohl die Anzeigen t\u00e4glich \u00fcberpr\u00fcft werden, um Anzeigen zu l\u00f6schen, die Bilder von Frauen enthalten, oder Links zu einigen Websites, die wir nicht haben siehe geeignet f\u00fcr Follower und Fans von \u201edecortacas.com\u201c. com\u201c, aber manchmal sehen Sie m\u00f6glicherweise einige Anzeigen, \u00fcber die wir keine vollst\u00e4ndige Kontrolle haben <\/span><\/span><\/strong><strong><span style=\"vertical-align: inherit;\"><span style=\"vertical-align: inherit;\">.<\/span><\/span><\/strong><\/p>\n<p><strong><span style=\"vertical-align: inherit;\"><span style=\"vertical-align: inherit;\">Sie k\u00f6nnen jedoch jede Werbung verhindern, die Sie als unangemessen ansehen, indem Sie einen Link an den Site-Administrator senden, indem Sie eine Nachricht von der Kontaktseite oben im Hauptmen\u00fc senden <\/span><\/span><\/strong><strong><span style=\"vertical-align: inherit;\"><span style=\"vertical-align: inherit;\">.<\/span><\/span><\/strong><\/p>\n<p><strong><span style=\"vertical-align: inherit;\"><span style=\"vertical-align: inherit;\">Offenlegung von Informationen\u00a0<\/span><\/span><\/strong><\/p>\n<p><strong><span style=\"vertical-align: inherit;\"><span style=\"vertical-align: inherit;\">Wir werden jederzeit die Vertraulichkeit und Vertraulichkeit aller personenbezogenen Daten, die wir erhalten, wahren. <\/span><span style=\"vertical-align: inherit;\">Solche Informationen werden nicht offengelegt, es sei denn, dies ist gesetzlich vorgeschrieben oder wir sind in gutem Glauben der Ansicht, dass eine solche Ma\u00dfnahme erforderlich oder w\u00fcnschenswert ist, um das Gesetz einzuhalten oder die Eigentumsrechte dieser Website oder ihrer Beg\u00fcnstigten zu verteidigen oder zu sch\u00fctzen.<\/span><\/span><\/strong><\/p>\n<p><strong><span style=\"vertical-align: inherit;\"><span style=\"vertical-align: inherit;\">Die Daten, die zur Durchf\u00fchrung der von Ihnen angeforderten Transaktionen erforderlich sind<\/span><\/span><\/strong><\/p>\n<p><strong><span style=\"vertical-align: inherit;\"><span style=\"vertical-align: inherit;\">\u00a0Wenn wir Ihre Daten ben\u00f6tigen, werden wir Sie bitten, diese freiwillig bereitzustellen. <\/span><span style=\"vertical-align: inherit;\">Diese Informationen helfen uns, Sie zu kontaktieren und Ihre Anfragen nach M\u00f6glichkeit auszuf\u00fchren. <\/span><span style=\"vertical-align: inherit;\">Die von Ihnen bereitgestellten Daten werden niemals ohne Ihre vorherige und schriftliche Zustimmung an Dritte verkauft, um sie zum eigenen Vorteil zu vermarkten, es sei denn, dies geschieht auf der Grundlage, dass es sich um kollektive Daten handelt, die f\u00fcr statistische Zwecke und Forschungszwecke verwendet werden einschlie\u00dflich aller Daten, die verwendet werden k\u00f6nnen, um Sie zu identifizieren.<\/span><\/span><\/strong><\/p>\n<p>&nbsp;<\/p>\n<p>&nbsp;<\/p>\n<p><strong>\u00a0<\/strong><\/p>\n<p><strong><span style=\"vertical-align: inherit;\"><span style=\"vertical-align: inherit;\">Wenn Sie uns kontaktieren<\/span><\/span><\/strong><\/p>\n<p><strong><span style=\"vertical-align: inherit;\"><span style=\"vertical-align: inherit;\">\u00a0Alle von Ihnen angegebenen Daten werden vertraulich behandelt. <\/span><span style=\"vertical-align: inherit;\">Formulare, die direkt im Netzwerk eingereicht werden, erfordern die Bereitstellung von Daten, die uns helfen, unsere Website zu verbessern. Die von Ihnen bereitgestellten Daten werden verwendet, um auf alle Ihre Anfragen, Kommentare oder Anfragen von dieser Website oder einer ihrer verbundenen Websites zu antworten.<\/span><\/span><\/strong><\/p>\n<p><strong><span style=\"vertical-align: inherit;\"><span style=\"vertical-align: inherit;\">Weitergabe von Informationen an Dritte\u00a0<\/span><\/span><\/strong><\/p>\n<p><strong><span style=\"vertical-align: inherit;\"><span style=\"vertical-align: inherit;\">Wir verkaufen, tauschen, vermieten oder offenbaren keine Informationen zugunsten Dritter au\u00dferhalb dieser Website oder ihrer verbundenen Websites.Die Informationen werden nur im Falle einer entsprechenden Anordnung durch eine Justiz- oder Aufsichtsbeh\u00f6rde offengelegt .<\/span><\/span><\/strong><\/p>\n<p><strong><span style=\"vertical-align: inherit;\"><span style=\"vertical-align: inherit;\">Kontaktiere uns<\/span><\/span><\/strong><\/p>\n<p><strong><span style=\"vertical-align: inherit;\"><span style=\"vertical-align: inherit;\">Sie k\u00f6nnen uns bei Bedarf kontaktieren, indem Sie auf den Link \u201eKontakt\u201c klicken, der in den Links unserer Website oben im Hauptmen\u00fc verf\u00fcgbar ist.<\/span><\/span><br \/>\n<\/strong><\/p>\n<p>&nbsp;<\/p>\n<p>&nbsp;<\/p>\n","protected":false},"excerpt":{"rendered":"<p>\u00a0Datenschutzrichtlinie\u00a0\u00a0 _ \u00a0 Datenschutz- und Vertraulichkeitserkl\u00e4rung Wir freuen uns \u00fcber Ihr Interesse und Ihre Bedenken zum Schutz Ihrer Daten im Internet. Diese Richtlinie wurde erstellt, um Ihnen zu helfen, die Art der Daten zu verstehen, die wir von Ihnen sammeln, wenn Sie die Website \u201edecortacas.com\u201c besuchen, und wie wir mit diesen personenbezogenen Daten umgehen . &hellip;<\/p>\n","protected":false},"author":1,"featured_media":0,"parent":0,"menu_order":0,"comment_status":"closed","ping_status":"closed","template":"","meta":{"footnotes":""},"class_list":["post-1398","page","type-page","status-publish","hentry"],"yoast_head":"<!-- This site is optimized with the Yoast SEO plugin v25.4 - https:\/\/yoast.com\/wordpress\/plugins\/seo\/ -->\n<title>\u00a0Datenschutzrichtlinie\u00a0\u00a0 - decor tacas<\/title>\n<meta name=\"robots\" content=\"index, follow, max-snippet:-1, max-image-preview:large, max-video-preview:-1\" \/>\n<link rel=\"canonical\" href=\"https:\/\/decortacas.com\/de\/privacy-policy\/\" \/>\n<meta property=\"og:locale\" content=\"de_DE\" \/>\n<meta property=\"og:type\" content=\"article\" \/>\n<meta property=\"og:title\" content=\"\u00a0Datenschutzrichtlinie\u00a0\u00a0 - decor tacas\" \/>\n<meta property=\"og:description\" content=\"\u00a0Datenschutzrichtlinie\u00a0\u00a0 _ \u00a0 Datenschutz- und Vertraulichkeitserkl\u00e4rung Wir freuen uns \u00fcber Ihr Interesse und Ihre Bedenken zum Schutz Ihrer Daten im Internet. Diese Richtlinie wurde erstellt, um Ihnen zu helfen, die Art der Daten zu verstehen, die wir von Ihnen sammeln, wenn Sie die Website \u201edecortacas.com\u201c besuchen, und wie wir mit diesen personenbezogenen Daten umgehen . &hellip;\" \/>\n<meta property=\"og:url\" content=\"https:\/\/decortacas.com\/de\/privacy-policy\/\" \/>\n<meta property=\"og:site_name\" content=\"decor tacas\" \/>\n<meta property=\"article:modified_time\" content=\"2022-04-22T17:21:45+00:00\" \/>\n<meta name=\"twitter:card\" content=\"summary_large_image\" \/>\n<meta name=\"twitter:label1\" content=\"Gesch\u00e4tzte Lesezeit\" \/>\n\t<meta name=\"twitter:data1\" content=\"4\u00a0Minuten\" \/>\n<script type=\"application\/ld+json\" class=\"yoast-schema-graph\">{\"@context\":\"https:\/\/schema.org\",\"@graph\":[{\"@type\":\"WebPage\",\"@id\":\"https:\/\/decortacas.com\/de\/privacy-policy\/\",\"url\":\"https:\/\/decortacas.com\/de\/privacy-policy\/\",\"name\":\"\u00a0Datenschutzrichtlinie\u00a0\u00a0 - decor tacas\",\"isPartOf\":{\"@id\":\"https:\/\/decortacas.com\/de\/#website\"},\"datePublished\":\"2022-03-27T16:48:30+00:00\",\"dateModified\":\"2022-04-22T17:21:45+00:00\",\"breadcrumb\":{\"@id\":\"https:\/\/decortacas.com\/de\/privacy-policy\/#breadcrumb\"},\"inLanguage\":\"de\",\"potentialAction\":[{\"@type\":\"ReadAction\",\"target\":[\"https:\/\/decortacas.com\/de\/privacy-policy\/\"]}]},{\"@type\":\"BreadcrumbList\",\"@id\":\"https:\/\/decortacas.com\/de\/privacy-policy\/#breadcrumb\",\"itemListElement\":[{\"@type\":\"ListItem\",\"position\":1,\"name\":\"Home\",\"item\":\"https:\/\/decortacas.com\/de\/\"},{\"@type\":\"ListItem\",\"position\":2,\"name\":\"\u00a0Datenschutzrichtlinie\u00a0\u00a0\"}]},{\"@type\":\"WebSite\",\"@id\":\"https:\/\/decortacas.com\/de\/#website\",\"url\":\"https:\/\/decortacas.com\/de\/\",\"name\":\"decor tacas\",\"description\":\"My decor tacas  Blog\",\"potentialAction\":[{\"@type\":\"SearchAction\",\"target\":{\"@type\":\"EntryPoint\",\"urlTemplate\":\"https:\/\/decortacas.com\/de\/?s={search_term_string}\"},\"query-input\":{\"@type\":\"PropertyValueSpecification\",\"valueRequired\":true,\"valueName\":\"search_term_string\"}}],\"inLanguage\":\"de\"}]}<\/script>\n<!-- \/ Yoast SEO plugin. -->","yoast_head_json":{"title":"\u00a0Datenschutzrichtlinie\u00a0\u00a0 - decor tacas","robots":{"index":"index","follow":"follow","max-snippet":"max-snippet:-1","max-image-preview":"max-image-preview:large","max-video-preview":"max-video-preview:-1"},"canonical":"https:\/\/decortacas.com\/de\/privacy-policy\/","og_locale":"de_DE","og_type":"article","og_title":"\u00a0Datenschutzrichtlinie\u00a0\u00a0 - decor tacas","og_description":"\u00a0Datenschutzrichtlinie\u00a0\u00a0 _ \u00a0 Datenschutz- und Vertraulichkeitserkl\u00e4rung Wir freuen uns \u00fcber Ihr Interesse und Ihre Bedenken zum Schutz Ihrer Daten im Internet. Diese Richtlinie wurde erstellt, um Ihnen zu helfen, die Art der Daten zu verstehen, die wir von Ihnen sammeln, wenn Sie die Website \u201edecortacas.com\u201c besuchen, und wie wir mit diesen personenbezogenen Daten umgehen . &hellip;","og_url":"https:\/\/decortacas.com\/de\/privacy-policy\/","og_site_name":"decor tacas","article_modified_time":"2022-04-22T17:21:45+00:00","twitter_card":"summary_large_image","twitter_misc":{"Gesch\u00e4tzte Lesezeit":"4\u00a0Minuten"},"schema":{"@context":"https:\/\/schema.org","@graph":[{"@type":"WebPage","@id":"https:\/\/decortacas.com\/de\/privacy-policy\/","url":"https:\/\/decortacas.com\/de\/privacy-policy\/","name":"\u00a0Datenschutzrichtlinie\u00a0\u00a0 - decor tacas","isPartOf":{"@id":"https:\/\/decortacas.com\/de\/#website"},"datePublished":"2022-03-27T16:48:30+00:00","dateModified":"2022-04-22T17:21:45+00:00","breadcrumb":{"@id":"https:\/\/decortacas.com\/de\/privacy-policy\/#breadcrumb"},"inLanguage":"de","potentialAction":[{"@type":"ReadAction","target":["https:\/\/decortacas.com\/de\/privacy-policy\/"]}]},{"@type":"BreadcrumbList","@id":"https:\/\/decortacas.com\/de\/privacy-policy\/#breadcrumb","itemListElement":[{"@type":"ListItem","position":1,"name":"Home","item":"https:\/\/decortacas.com\/de\/"},{"@type":"ListItem","position":2,"name":"\u00a0Datenschutzrichtlinie\u00a0\u00a0"}]},{"@type":"WebSite","@id":"https:\/\/decortacas.com\/de\/#website","url":"https:\/\/decortacas.com\/de\/","name":"decor tacas","description":"My decor tacas  Blog","potentialAction":[{"@type":"SearchAction","target":{"@type":"EntryPoint","urlTemplate":"https:\/\/decortacas.com\/de\/?s={search_term_string}"},"query-input":{"@type":"PropertyValueSpecification","valueRequired":true,"valueName":"search_term_string"}}],"inLanguage":"de"}]}},"_links":{"self":[{"href":"https:\/\/decortacas.com\/de\/wp-json\/wp\/v2\/pages\/1398","targetHints":{"allow":["GET"]}}],"collection":[{"href":"https:\/\/decortacas.com\/de\/wp-json\/wp\/v2\/pages"}],"about":[{"href":"https:\/\/decortacas.com\/de\/wp-json\/wp\/v2\/types\/page"}],"author":[{"embeddable":true,"href":"https:\/\/decortacas.com\/de\/wp-json\/wp\/v2\/users\/1"}],"replies":[{"embeddable":true,"href":"https:\/\/decortacas.com\/de\/wp-json\/wp\/v2\/comments?post=1398"}],"version-history":[{"count":0,"href":"https:\/\/decortacas.com\/de\/wp-json\/wp\/v2\/pages\/1398\/revisions"}],"wp:attachment":[{"href":"https:\/\/decortacas.com\/de\/wp-json\/wp\/v2\/media?parent=1398"}],"curies":[{"name":"wp","href":"https:\/\/api.w.org\/{rel}","templated":true}]}}